{"id":1075,"date":"2021-03-17T15:09:40","date_gmt":"2021-03-17T15:09:40","guid":{"rendered":"https:\/\/spirainnovation.com\/nous-joindre\/"},"modified":"2021-05-21T19:35:30","modified_gmt":"2021-05-21T19:35:30","slug":"contact-us","status":"publish","type":"page","link":"https:\/\/spirainnovation.com\/zh-hans\/contact-us\/","title":{"rendered":"\u8054\u7cfb\u6211\u4eec"},"content":{"rendered":"\r\n<div class=\"bk-contact-info \">\r\n    <div class=\"wrapper-s\">\r\n        <div class=\"graphics sales\">\r\n            <div class=\"item\">\r\n                <div class=\"content\">\r\n                    <h2>\u9500\u552e<\/h2>\n<p>\u5bf9Spira Innovation\u7684\u4ea7\u54c1\u611f\u5174\u8da3\uff1f\u6211\u4eec\u7684\u56e2\u961f\u968f\u65f6\u51c6\u5907\u56de\u7b54\u60a8\u7684\u95ee\u9898\u5e76\u8bc4\u4f30\u60a8\u7684\u9700\u6c42\u3002<\/p>\n<p>\u5468\u4e00\u81f3\u5468\u4e94\uff0c\u4e1c\u90e8\u65f6\u95f4\u4e0a\u53489\u70b9\u81f3\u4e0b\u53485\u70b9\u3002<\/p>\n                <\/div>\r\n            <\/div>\r\n            <div class=\"item contact\">\r\n                <div class=\"content\">\r\n                    <a class=\"email\" href=\"mailto:fzhu@spirainnovation.com\">fzhu@spirainnovation.com<\/a>                    <a class=\"phone\" href=\"tel:+ 1 418 338-0299\">+ 1 418 338-0299<\/a>                <\/div>\r\n            <\/div>\r\n        <\/div>\r\n        <div class=\"graphics\">\r\n            <div class=\"item\">\r\n                <div class=\"content\">\r\n                    <h2>\u6280\u672f\u652f\u6301<\/h2>\n<p>\u5bf9\u4f60\u8d2d\u4e70\u7684\u4ea7\u54c1\u9700\u8981\u5e2e\u52a9\u5417\uff1f\u8bf7\u8054\u7cfb\u60a8\u7684\u7ecf\u9500\u5546\u5bfb\u6c42\u5e2e\u52a9\u3002<\/p>\n                <\/div>\r\n            <\/div>\r\n            <div class=\"item sep\"><\/div>\r\n            <div class=\"item\">\r\n                <div class=\"content\">\r\n                    <h2>\u5408\u4f5c\u4f19\u4f34<\/h2>\n<p>\u5bf9\u5206\u9500\u6211\u4eec\u7684\u4ea7\u54c1\u6216\u6295\u8d44\u4e8eSpira Innovation\u611f\u5174\u8da3\u5417\uff1f\u6211\u4eec\u5f88\u4e50\u610f\u4e0e\u60a8\u8ba8\u8bba\u3002<\/p>\n<p><a href=\"mailto:fzhu@spirainnovation.com\">fzhu@spirainnovation.com<\/a><\/p>\n                <\/div>\r\n            <\/div>\r\n            <div class=\"item sep\"><\/div>\r\n            <div class=\"item\">\r\n                <div class=\"content\">\r\n                    <h2>\u5a92\u4f53<\/h2>\n<p>\u60f3\u4e86\u89e3\u6211\u4eec\u7684\u6700\u65b0\u6d88\u606f\u6216\u63a5\u53d7\u91c7\u8bbf\uff1f\u6211\u4eec\u53ef\u4ee5\u4e3a\u60a8\u63d0\u4f9b\u670d\u52a1\u3002<\/p>\n<p><a href=\"mailto:fzhu@spirainnovation.com\">fzhu@spirainnovation.com<\/a><\/p>\n<p style=\"margin:0 !important; line-height:1\"><a class=\"l-arrow\" href=\"https:\/\/spirainnovation.com\/zh-hans\/?page_id=1078\">\u65b0\u95fb\u5ba4<\/a><\/p>\n                <\/div>\r\n            <\/div>\r\n        <\/div>\r\n        <h2>\u6211\u4eec\u7684\u529e\u516c\u5ba4<\/h2>\r\n        <div class=\"graphics g2\">\r\n                            <div class=\"item\"><div class=\"content\"><h2>\u52a0\u62ff\u5927<\/h2>\n<h3>\u521b\u65b0\u4e2d\u5fc3\u548c\u603b\u90e8<\/h3>\n<p>233, rue Jalbert<br \/>\nThetford, Qu\u00e9bec, Canada<br \/>\nG6G 7W1<\/p>\n<p>+ 1 418 338-0299<\/p>\n<p style=\"margin:0 !important; line-height:1\"><a href=\"mailto:fzhu@spirainnovation.com\">fzhu@spirainnovation.com<\/a><\/p>\n<\/div><\/div>\r\n                <div class=\"item sep\"><\/div>  \r\n                            <div class=\"item\"><div class=\"content\"><h2>\u4e9a\u6d32<\/h2>\n<p>\u91d1\u6c60\u8def298\u53f7\u3002<br \/>\n\u4e0a\u6d77\u5b9d\u5c71\u533a<br \/>\n+86 138 1765 1588<\/p>\n<p><a href=\"mailto:fzhu@spirainnovation.com\">fzhu@spirainnovation.com<\/a><\/p>\n<\/div><\/div>\r\n                  \r\n                    <\/div>\r\n    <\/div>\r\n<\/div>\n\n<div class=\"bk-contact-form\" data-form=\"1173\">\r\n    <div class=\"wrapper-s\">\r\n        <h2>\u5199\u4fe1\u7ed9\u6211\u4eec<\/h2>        \u5982\u679c\u60a8\u6709\u95ee\u9898\u3001\u8bc4\u8bba\u6216\u5efa\u8bae\uff0c\u8bf7\u4e00\u5e76\u53d1\u9001\u3002\u6211\u4eec\u5f88\u4e50\u610f\u56de\u7b54\u4f60\u3002\r\n        <div class=\"form-container\">\r\n            \n<div class=\"wpcf7 no-js\" id=\"wpcf7-f1173-o1\" lang=\"en-US\" dir=\"ltr\">\n<div class=\"screen-reader-response\"><p role=\"status\" aria-live=\"polite\" aria-atomic=\"true\"><\/p> <ul><\/ul><\/div>\n<form action=\"\/zh-hans\/wp-json\/wp\/v2\/pages\/1075#wpcf7-f1173-o1\" method=\"post\" class=\"wpcf7-form init\" aria-label=\"Contact form\" novalidate=\"novalidate\" data-status=\"init\">\n<div style=\"display: none;\">\n<input type=\"hidden\" name=\"_wpcf7\" value=\"1173\" \/>\n<input type=\"hidden\" name=\"_wpcf7_version\" value=\"5.9.8\" \/>\n<input type=\"hidden\" name=\"_wpcf7_locale\" value=\"en_US\" \/>\n<input type=\"hidden\" name=\"_wpcf7_unit_tag\" value=\"wpcf7-f1173-o1\" \/>\n<input type=\"hidden\" name=\"_wpcf7_container_post\" value=\"0\" \/>\n<input type=\"hidden\" name=\"_wpcf7_posted_data_hash\" value=\"\" \/>\n<\/div>\n<div class=\"form-holder\">\n\t<div class=\"form-column\">\n\t\t<p><span class=\"wpcf7-form-control-wrap\" data-name=\"first-name\"><input size=\"40\" maxlength=\"400\" class=\"wpcf7-form-control wpcf7-text wpcf7-validates-as-required\" aria-required=\"true\" aria-invalid=\"false\" placeholder=\"\u540d\" value=\"\" type=\"text\" name=\"first-name\" \/><\/span><br \/>\n<span class=\"wpcf7-form-control-wrap\" data-name=\"last-name\"><input size=\"40\" maxlength=\"400\" class=\"wpcf7-form-control wpcf7-text wpcf7-validates-as-required\" aria-required=\"true\" aria-invalid=\"false\" placeholder=\"\u59d3\u6c0f\" value=\"\" type=\"text\" name=\"last-name\" \/><\/span><br \/>\n<span class=\"wpcf7-form-control-wrap\" data-name=\"your-company\"><input size=\"40\" maxlength=\"400\" class=\"wpcf7-form-control wpcf7-text wpcf7-validates-as-required\" aria-required=\"true\" aria-invalid=\"false\" placeholder=\"\u516c\u53f8\" value=\"\" type=\"text\" name=\"your-company\" \/><\/span><br \/>\n<span class=\"wpcf7-form-control-wrap\" data-name=\"menu-industrie\"><select class=\"wpcf7-form-control wpcf7-select wpcf7-validates-as-required\" aria-required=\"true\" aria-invalid=\"false\" name=\"menu-industrie\"><option value=\"\u9886\u57df\">\u9886\u57df<\/option><option value=\"\u533b\u7597\">\u533b\u7597<\/option><option value=\"\u7259\u79d1\">\u7259\u79d1<\/option><option value=\"\u5de5\u4e1a\">\u5de5\u4e1a<\/option><option value=\"\u5176\u4ed6\u9886\u57df\">\u5176\u4ed6\u9886\u57df<\/option><\/select><\/span><br \/>\n<span class=\"wpcf7-form-control-wrap\" data-name=\"your-tel\"><input size=\"40\" maxlength=\"400\" class=\"wpcf7-form-control wpcf7-tel wpcf7-validates-as-required wpcf7-text wpcf7-validates-as-tel\" aria-required=\"true\" aria-invalid=\"false\" placeholder=\"\u7535\u8bdd\" value=\"\" type=\"tel\" name=\"your-tel\" \/><\/span><br \/>\n<span class=\"wpcf7-form-control-wrap\" data-name=\"your-country\"><input size=\"40\" maxlength=\"400\" class=\"wpcf7-form-control wpcf7-text\" aria-invalid=\"false\" placeholder=\"\u7535\u5b50\u90ae\u4ef6\" value=\"\" type=\"text\" name=\"your-country\" \/><\/span><br \/>\n<span class=\"wpcf7-form-control-wrap\" data-name=\"your-email\"><input size=\"40\" maxlength=\"400\" class=\"wpcf7-form-control wpcf7-email wpcf7-validates-as-required wpcf7-text wpcf7-validates-as-email\" aria-required=\"true\" aria-invalid=\"false\" placeholder=\"\u56fd\u5bb6\" value=\"\" type=\"email\" name=\"your-email\" \/><\/span>\n\t\t<\/p>\n\t<\/div>\n\t<div class=\"form-column\">\n\t\t<p><span class=\"wpcf7-form-control-wrap\" data-name=\"your-message\"><textarea cols=\"40\" rows=\"10\" maxlength=\"2000\" class=\"wpcf7-form-control wpcf7-textarea wpcf7-validates-as-required\" aria-required=\"true\" aria-invalid=\"false\" placeholder=\"\u60a8\u7684\u4fe1\u606f\" name=\"your-message\"><\/textarea><\/span>\n\t\t<\/p>\n\t<\/div>\n<\/div>\n<p><input class=\"wpcf7-form-control wpcf7-submit has-spinner\" type=\"submit\" value=\"\u53d1\u9001\" \/>\n<\/p><div class=\"wpcf7-response-output\" aria-hidden=\"true\"><\/div>\n<\/form>\n<\/div>\n        <\/div>\r\n    <\/div>\r\n<\/div>","protected":false},"excerpt":{"rendered":"","protected":false},"author":1,"featured_media":0,"parent":0,"menu_order":0,"comment_status":"closed","ping_status":"closed","template":"template-contact.php","meta":{"footnotes":""},"class_list":["post-1075","page","type-page","status-publish","hentry"],"yoast_head":"<!-- This site is optimized with the Yoast SEO plugin v23.4 - https:\/\/yoast.com\/wordpress\/plugins\/seo\/ -->\n<title>\u8054\u7cfb\u6211\u4eec - Spira<\/title>\n<meta name=\"description\" content=\"Spira Innovation d\u00e9veloppe des appareils de d\u00e9tection de compos\u00e9s organiques volatils pour la d\u00e9tection pr\u00e9coce des cancers et des appareils de protection respiratoire (PAPR) qui \u00e9liminent totalement les pathog\u00e8nes, comme le SRAS-CoV-2, le coronavirus responsable de la maladie Covid-19.\" \/>\n<meta name=\"robots\" content=\"index, follow, max-snippet:-1, max-image-preview:large, max-video-preview:-1\" \/>\n<link rel=\"canonical\" href=\"https:\/\/spirainnovation.com\/zh-hans\/contact-us\/\" \/>\n<meta property=\"og:locale\" content=\"zh_CN\" \/>\n<meta property=\"og:type\" content=\"article\" \/>\n<meta property=\"og:title\" content=\"\u8054\u7cfb\u6211\u4eec - Spira\" \/>\n<meta property=\"og:description\" content=\"Spira Innovation d\u00e9veloppe des appareils de d\u00e9tection de compos\u00e9s organiques volatils pour la d\u00e9tection pr\u00e9coce des cancers et des appareils de protection respiratoire (PAPR) qui \u00e9liminent totalement les pathog\u00e8nes, comme le SRAS-CoV-2, le coronavirus responsable de la maladie Covid-19.\" \/>\n<meta property=\"og:url\" content=\"https:\/\/spirainnovation.com\/zh-hans\/contact-us\/\" \/>\n<meta property=\"og:site_name\" content=\"Spira\" \/>\n<meta property=\"article:modified_time\" content=\"2021-05-21T19:35:30+00:00\" \/>\n<meta property=\"og:image\" content=\"https:\/\/spirainnovation.com\/wp-content\/uploads\/2021\/05\/Spira_SiteWeb_Partage_1.jpg\" \/>\n\t<meta property=\"og:image:width\" content=\"1200\" \/>\n\t<meta property=\"og:image:height\" content=\"630\" \/>\n\t<meta property=\"og:image:type\" content=\"image\/jpeg\" \/>\n<meta name=\"twitter:card\" content=\"summary_large_image\" \/>\n<script type=\"application\/ld+json\" class=\"yoast-schema-graph\">{\"@context\":\"https:\/\/schema.org\",\"@graph\":[{\"@type\":\"WebPage\",\"@id\":\"https:\/\/spirainnovation.com\/zh-hans\/contact-us\/\",\"url\":\"https:\/\/spirainnovation.com\/zh-hans\/contact-us\/\",\"name\":\"\u8054\u7cfb\u6211\u4eec - Spira\",\"isPartOf\":{\"@id\":\"https:\/\/spirainnovation.com\/#website\"},\"datePublished\":\"2021-03-17T15:09:40+00:00\",\"dateModified\":\"2021-05-21T19:35:30+00:00\",\"description\":\"Spira Innovation d\u00e9veloppe des appareils de d\u00e9tection de compos\u00e9s organiques volatils pour la d\u00e9tection pr\u00e9coce des cancers et des appareils de protection respiratoire (PAPR) qui \u00e9liminent totalement les pathog\u00e8nes, comme le SRAS-CoV-2, le coronavirus responsable de la maladie Covid-19.\",\"breadcrumb\":{\"@id\":\"https:\/\/spirainnovation.com\/zh-hans\/contact-us\/#breadcrumb\"},\"inLanguage\":\"zh-Hans\",\"potentialAction\":[{\"@type\":\"ReadAction\",\"target\":[\"https:\/\/spirainnovation.com\/zh-hans\/contact-us\/\"]}]},{\"@type\":\"BreadcrumbList\",\"@id\":\"https:\/\/spirainnovation.com\/zh-hans\/contact-us\/#breadcrumb\",\"itemListElement\":[{\"@type\":\"ListItem\",\"position\":1,\"name\":\"Home\",\"item\":\"https:\/\/spirainnovation.com\/zh-hans\/\"},{\"@type\":\"ListItem\",\"position\":2,\"name\":\"\u8054\u7cfb\u6211\u4eec\"}]},{\"@type\":\"WebSite\",\"@id\":\"https:\/\/spirainnovation.com\/#website\",\"url\":\"https:\/\/spirainnovation.com\/\",\"name\":\"Spira\",\"description\":\"Inspirer le futur\",\"publisher\":{\"@id\":\"https:\/\/spirainnovation.com\/#organization\"},\"potentialAction\":[{\"@type\":\"SearchAction\",\"target\":{\"@type\":\"EntryPoint\",\"urlTemplate\":\"https:\/\/spirainnovation.com\/?s={search_term_string}\"},\"query-input\":{\"@type\":\"PropertyValueSpecification\",\"valueRequired\":true,\"valueName\":\"search_term_string\"}}],\"inLanguage\":\"zh-Hans\"},{\"@type\":\"Organization\",\"@id\":\"https:\/\/spirainnovation.com\/#organization\",\"name\":\"Spira Innovation\",\"url\":\"https:\/\/spirainnovation.com\/\",\"logo\":{\"@type\":\"ImageObject\",\"inLanguage\":\"zh-Hans\",\"@id\":\"https:\/\/spirainnovation.com\/#\/schema\/logo\/image\/\",\"url\":\"https:\/\/spirainnovation.com\/wp-content\/uploads\/2021\/05\/logo.svg\",\"contentUrl\":\"https:\/\/spirainnovation.com\/wp-content\/uploads\/2021\/05\/logo.svg\",\"width\":1,\"height\":1,\"caption\":\"Spira Innovation\"},\"image\":{\"@id\":\"https:\/\/spirainnovation.com\/#\/schema\/logo\/image\/\"},\"sameAs\":[\"https:\/\/www.linkedin.com\/company\/spira-innovation\/\"]}]}<\/script>\n<!-- \/ Yoast SEO plugin. -->","yoast_head_json":{"title":"\u8054\u7cfb\u6211\u4eec - Spira","description":"Spira Innovation d\u00e9veloppe des appareils de d\u00e9tection de compos\u00e9s organiques volatils pour la d\u00e9tection pr\u00e9coce des cancers et des appareils de protection respiratoire (PAPR) qui \u00e9liminent totalement les pathog\u00e8nes, comme le SRAS-CoV-2, le coronavirus responsable de la maladie Covid-19.","robots":{"index":"index","follow":"follow","max-snippet":"max-snippet:-1","max-image-preview":"max-image-preview:large","max-video-preview":"max-video-preview:-1"},"canonical":"https:\/\/spirainnovation.com\/zh-hans\/contact-us\/","og_locale":"zh_CN","og_type":"article","og_title":"\u8054\u7cfb\u6211\u4eec - Spira","og_description":"Spira Innovation d\u00e9veloppe des appareils de d\u00e9tection de compos\u00e9s organiques volatils pour la d\u00e9tection pr\u00e9coce des cancers et des appareils de protection respiratoire (PAPR) qui \u00e9liminent totalement les pathog\u00e8nes, comme le SRAS-CoV-2, le coronavirus responsable de la maladie Covid-19.","og_url":"https:\/\/spirainnovation.com\/zh-hans\/contact-us\/","og_site_name":"Spira","article_modified_time":"2021-05-21T19:35:30+00:00","og_image":[{"width":1200,"height":630,"url":"https:\/\/spirainnovation.com\/wp-content\/uploads\/2021\/05\/Spira_SiteWeb_Partage_1.jpg","type":"image\/jpeg"}],"twitter_card":"summary_large_image","schema":{"@context":"https:\/\/schema.org","@graph":[{"@type":"WebPage","@id":"https:\/\/spirainnovation.com\/zh-hans\/contact-us\/","url":"https:\/\/spirainnovation.com\/zh-hans\/contact-us\/","name":"\u8054\u7cfb\u6211\u4eec - Spira","isPartOf":{"@id":"https:\/\/spirainnovation.com\/#website"},"datePublished":"2021-03-17T15:09:40+00:00","dateModified":"2021-05-21T19:35:30+00:00","description":"Spira Innovation d\u00e9veloppe des appareils de d\u00e9tection de compos\u00e9s organiques volatils pour la d\u00e9tection pr\u00e9coce des cancers et des appareils de protection respiratoire (PAPR) qui \u00e9liminent totalement les pathog\u00e8nes, comme le SRAS-CoV-2, le coronavirus responsable de la maladie Covid-19.","breadcrumb":{"@id":"https:\/\/spirainnovation.com\/zh-hans\/contact-us\/#breadcrumb"},"inLanguage":"zh-Hans","potentialAction":[{"@type":"ReadAction","target":["https:\/\/spirainnovation.com\/zh-hans\/contact-us\/"]}]},{"@type":"BreadcrumbList","@id":"https:\/\/spirainnovation.com\/zh-hans\/contact-us\/#breadcrumb","itemListElement":[{"@type":"ListItem","position":1,"name":"Home","item":"https:\/\/spirainnovation.com\/zh-hans\/"},{"@type":"ListItem","position":2,"name":"\u8054\u7cfb\u6211\u4eec"}]},{"@type":"WebSite","@id":"https:\/\/spirainnovation.com\/#website","url":"https:\/\/spirainnovation.com\/","name":"Spira","description":"Inspirer le futur","publisher":{"@id":"https:\/\/spirainnovation.com\/#organization"},"potentialAction":[{"@type":"SearchAction","target":{"@type":"EntryPoint","urlTemplate":"https:\/\/spirainnovation.com\/?s={search_term_string}"},"query-input":{"@type":"PropertyValueSpecification","valueRequired":true,"valueName":"search_term_string"}}],"inLanguage":"zh-Hans"},{"@type":"Organization","@id":"https:\/\/spirainnovation.com\/#organization","name":"Spira Innovation","url":"https:\/\/spirainnovation.com\/","logo":{"@type":"ImageObject","inLanguage":"zh-Hans","@id":"https:\/\/spirainnovation.com\/#\/schema\/logo\/image\/","url":"https:\/\/spirainnovation.com\/wp-content\/uploads\/2021\/05\/logo.svg","contentUrl":"https:\/\/spirainnovation.com\/wp-content\/uploads\/2021\/05\/logo.svg","width":1,"height":1,"caption":"Spira Innovation"},"image":{"@id":"https:\/\/spirainnovation.com\/#\/schema\/logo\/image\/"},"sameAs":["https:\/\/www.linkedin.com\/company\/spira-innovation\/"]}]}},"_links":{"self":[{"href":"https:\/\/spirainnovation.com\/zh-hans\/wp-json\/wp\/v2\/pages\/1075"}],"collection":[{"href":"https:\/\/spirainnovation.com\/zh-hans\/wp-json\/wp\/v2\/pages"}],"about":[{"href":"https:\/\/spirainnovation.com\/zh-hans\/wp-json\/wp\/v2\/types\/page"}],"author":[{"embeddable":true,"href":"https:\/\/spirainnovation.com\/zh-hans\/wp-json\/wp\/v2\/users\/1"}],"replies":[{"embeddable":true,"href":"https:\/\/spirainnovation.com\/zh-hans\/wp-json\/wp\/v2\/comments?post=1075"}],"version-history":[{"count":4,"href":"https:\/\/spirainnovation.com\/zh-hans\/wp-json\/wp\/v2\/pages\/1075\/revisions"}],"predecessor-version":[{"id":1172,"href":"https:\/\/spirainnovation.com\/zh-hans\/wp-json\/wp\/v2\/pages\/1075\/revisions\/1172"}],"wp:attachment":[{"href":"https:\/\/spirainnovation.com\/zh-hans\/wp-json\/wp\/v2\/media?parent=1075"}],"curies":[{"name":"wp","href":"https:\/\/api.w.org\/{rel}","templated":true}]}}