{"id":1063,"date":"2021-03-16T15:59:29","date_gmt":"2021-03-16T15:59:29","guid":{"rendered":"https:\/\/spirainnovation.com\/entreprise\/"},"modified":"2021-05-21T20:13:12","modified_gmt":"2021-05-21T20:13:12","slug":"our-company","status":"publish","type":"page","link":"https:\/\/spirainnovation.com\/zh-hans\/our-company\/","title":{"rendered":"\u6211\u4eec\u7684\u516c\u53f8"},"content":{"rendered":"<div class=\"bk-hero full-height h-arrow white \" style=\"background-color:#91FBF2; background-image: url(https:\/\/spirainnovation.com\/wp-content\/uploads\/2021\/05\/Spira_Entreprise_Header-1.jpg)\">\r\n    <div class=\"wrapper \">\r\n                                <h1>\u6211\u4eec\u7684\u516c\u53f8<\/h1>                        <div class=\"side-content\">\u5728\u65af\u6d3e\u62c9\u521b\u65b0\uff0c\u6211\u4eec\u5f00\u53d1\u7a7a\u6c14\u5206\u6790\u548c\u5904\u7406\u7cfb\u7edf\u4ee5\u4fdd\u62a4\u751f\u547d\u3002\u6bcf\u5929\uff0c\u6211\u4eec\u90fd\u5728\u521b\u65b0\uff0c\u5f00\u53d1\u3001\u5efa\u9020\u548c\u6539\u8fdb\u53ef\u4ee5\u68c0\u6d4b\u547c\u5438\u4e2d\u764c\u75c7\u7684\u65e9\u671f\u8bca\u65ad\u8bbe\u5907\uff0c\u4ee5\u53ca\u6d88\u706d\u75c5\u539f\u4f53\u7684\u547c\u5438\u4fdd\u62a4\u8bbe\u5907\u3002<\/div>                        <\/div>\r\n<\/div>\n\n<div class=\"bk-offset-text \">\r\n    <div class=\"wrapper-s\">\r\n        <h2>\u521b\u9020\u5386\u53f2<\/h2>        <div class=\"content\">\r\n            <p>\u65af\u6d3e\u62c9\u521b\u65b0\u662f\u7531\u53d1\u660e\u5bb6\u548c\u7cfb\u5217\u8bbe\u8ba1\u5e08Yves Gamache\u548c\u5de5\u7a0b\u5e08Andr\u00e9 Lamontagne\u4e8e2019\u5e74\u6210\u7acb\uff0c\u8bde\u751f\u4e8eYves Gamache\u53d1\u8d77\u7684\u5176\u4ed6\u516c\u53f8\u7684\u4e00\u7cfb\u5217\u53d1\u73b0\u548c\u521b\u65b0\u3002\u65af\u6d3e\u62c9\u521b\u65b0\u56e2\u961f\u5305\u62ec\u5728\u6c14\u8f7d\u6c14\u4f53\u5206\u6790\u548c\u8fc7\u6ee4\u65b9\u9762\u62e5\u6709\u8d85\u8fc730\u5e74\u7ecf\u9a8c\u7684\u7814\u7a76\u4eba\u5458\u548c\u8bbe\u8ba1\u5e08\u3002\u65af\u6d3e\u62c9\u521b\u65b0\u4e3a\u5176\u9769\u547d\u6027\u7684\u4ea7\u54c1\u62e5\u6709\u56db\u9879\u56fd\u9645\u4e13\u5229\u3002<\/p>\n<p>\u81ea20\u4e16\u7eaa90\u5e74\u4ee3\u4ee5\u6765\uff0cYves Gamache\u548c\u4ed6\u7684\u957f\u671f\u5408\u4f5c\u4f19\u4f34Andr\u00e9 Fortier\u5df2\u7ecf\u6210\u529f\u5730\u63a8\u51fa\u4e86\u56db\u5bb6\u516c\u53f8\uff0c\u521b\u9020\u4e86\u8d85\u8fc72.5\u4ebf\u7f8e\u5143\u7684\u9500\u552e\u989d\uff0c\u5728\u9b41\u5317\u514b\u96c7\u7528\u4e86100\u591a\u540d\u5458\u5de5\u3002\u8fd9\u4e2a\u6210\u529f\u6545\u4e8b\u7684\u8d77\u6e90\u53ef\u4ee5\u8ffd\u6eaf\u5230Yves Gamache\u53d1\u660e\u7684K2000\uff0c\u8fd9\u662f\u4e16\u754c\u4e0a\u7b2c\u4e00\u4e2a\u7b49\u79bb\u5b50\u4f53\u53d1\u5c04\u68c0\u6d4b\u5668\uff0c30\u5e74\u540e\u4ecd\u7136\u662f\u4e00\u4e2a\u884c\u4e1a\u7684\u6807\u6746\u3002\u4ec5Gamache\u5148\u751f\u5728\u4ed6\u7684\u804c\u4e1a\u751f\u6daf\u4e2d\u5c31\u83b7\u5f97\u4e86166\u9879\u4e13\u5229\uff0c\u4ed6\u7684\u56e2\u961f\u591a\u5e74\u6765\u6240\u8bbe\u8ba1\u7684\u4ea7\u54c1\u548c\u6280\u672f\u73b0\u5728\u5df2\u88ab\u4e09\u661f\u3001\u82f1\u7279\u5c14\u3001ABB\u3001\u897f\u95e8\u5b50\u3001\u82f1\u56fd\u77f3\u6cb9\u516c\u53f8\u3001\u7f8e\u56fd\u5b87\u822a\u5c40\u548c\u6b27\u6d32\u6838\u5b50\u7814\u7a76\u4e2d\u5fc3\u7b49\u4e3b\u8981\u673a\u6784\u6240\u91c7\u7528\u3002<\/p>\n        <\/div>\r\n    <\/div>        \r\n<\/div>\n\n<div class=\"bk-content pt0 \">\r\n    <div class=\"wrapper-s\">\r\n        <p><img loading=\"lazy\" decoding=\"async\" class=\"alignnone size-full wp-image-745\" src=\"https:\/\/spirainnovation.com\/wp-content\/uploads\/2021\/05\/2a9d5bfff928a489e79583f389bee121.jpg\" alt=\"\" width=\"2048\" height=\"920\" srcset=\"https:\/\/spirainnovation.com\/wp-content\/uploads\/2021\/05\/2a9d5bfff928a489e79583f389bee121.jpg 2048w, https:\/\/spirainnovation.com\/wp-content\/uploads\/2021\/05\/2a9d5bfff928a489e79583f389bee121-300x135.jpg 300w, https:\/\/spirainnovation.com\/wp-content\/uploads\/2021\/05\/2a9d5bfff928a489e79583f389bee121-1024x460.jpg 1024w, https:\/\/spirainnovation.com\/wp-content\/uploads\/2021\/05\/2a9d5bfff928a489e79583f389bee121-768x345.jpg 768w, https:\/\/spirainnovation.com\/wp-content\/uploads\/2021\/05\/2a9d5bfff928a489e79583f389bee121-1536x690.jpg 1536w\" sizes=\"(max-width: 2048px) 100vw, 2048px\" \/><\/p>\n    <\/div>\r\n<\/div>\n\n<div class=\"bk-offset-text pt0\">\r\n    <div class=\"wrapper-s\">\r\n        <h2>\u6fc0\u52b1\u672a\u6765<\/h2>        <div class=\"content\">\r\n            <p>\u901a\u8fc7\u4e0d\u65ad\u7684\u7814\u7a76\u548c\u521b\u65b0\uff0c\u65af\u6d3e\u62c9\u521b\u65b0\u7684\u76ee\u6807\u662f\u6210\u4e3a\u5206\u6790\u6211\u4eec\u547c\u51fa\u7a7a\u6c14\u4e2d\u7684\u6c14\u4f53\u751f\u7269\u6807\u5fd7\u7269\u548c\u51c0\u5316\u547c\u5438\u7a7a\u6c14\u65b9\u9762\u7684\u9886\u5bfc\u8005\u3002\u65af\u6d3e\u62c9\u521b\u65b0\u7684\u6807\u8bc6\u8bbe\u8ba1&#8211;\u5b57\u6bcd &#8220;i &#8220;\u4e0a\u4e0b\u7684\u5706\u70b9&#8211;\u53cd\u6620\u4e86\u6211\u4eec\u6bcf\u5929\u7684\u5de5\u4f5c\uff1a\u4ece\u65b0\u7684\u89d2\u5ea6\u5bfb\u627e\u7a7a\u6c14\u8d28\u91cf\u548c\u65e9\u671f\u764c\u75c7\u68c0\u6d4b\u7b49\u91cd\u8981\u9886\u57df\u7684\u89e3\u51b3\u65b9\u6848\u3002\u6211\u4eec\u7684\u76ee\u7684\u662f\u4fdd\u62a4\u751f\u547d\uff0c\u4ee5\u4fbf\u6211\u4eec\u90fd\u80fd\u5411\u5f80\u4e00\u4e2a\u66f4\u7f8e\u597d\u7684\u672a\u6765\u3002<\/p>\n<p>\u65af\u6d3e\u62c9\u521b\u65b0\u662f\u4e00\u5bb6\u603b\u90e8\u4f4d\u4e8e\u9b41\u5317\u514b\u7701\u585e\u7279\u798f\u5fb7\u7684\u52a0\u62ff\u5927\u5168\u8d44\u79c1\u8425\u516c\u53f8\uff0c\u5176\u4e1a\u52a1\u904d\u53ca\u5168\u7403\uff0c\u5305\u62ec\u5728\u5fb7\u56fd\u3001\u4e2d\u56fd\u548c\u7f8e\u56fd\u7684\u529e\u4e8b\u5904\u3002<\/p>\n        <\/div>\r\n    <\/div>        \r\n<\/div>\n\n<div class=\"bk-info-portfolio \">\r\n    <div class=\"wrapper-s\">\r\n        <h2>\u4e00\u4e2a\u4e0d\u65ad\u589e\u957f\u7684\u56fd\u9645\u4e13\u5229\u7ec4\u5408<\/h2>        <div class=\"info-container\">\r\n                            <div class=\"graphic\"><div class=\"medal\"><img decoding=\"async\" src=\"\/wp-content\/themes\/spira\/dist\/img\/medal.svg\" \/><br \/>\n<img decoding=\"async\" src=\"\/wp-content\/themes\/spira\/dist\/img\/medal.svg\" \/><br \/>\n<img decoding=\"async\" src=\"\/wp-content\/themes\/spira\/dist\/img\/medal.svg\" \/><\/div>\n<p><span class=\"tt\">3\u9879\u7a7a\u6c14\u8fc7\u6ee4\u4e13\u5229\u3002<\/span><\/p>\n<div class=\"grid\">\n<p>\u5728\u7528\u6237\u5438\u6c14\u548c\u547c\u6c14\u65f6\u4fdd\u62a4\u4ed6\u4eec\u7684\u7a7a\u6c14\u5904\u7406\u8bbe\u5907<\/p>\n<p>\u5728\u7528\u6237\u5438\u6c14\u548c\u547c\u6c14\u65f6\u4fdd\u62a4\u4ed6\u4eec\u7684\u4fbf\u643a\u5f0f\u7a7a\u6c14\u5904\u7406\u8bbe\u5907<\/p>\n<\/div>\n<\/div>\r\n                            <div class=\"graphic\"><div class=\"medal\"><img decoding=\"async\" src=\"\/wp-content\/themes\/spira\/dist\/img\/medal.svg\" \/><\/div>\n<p><span class=\"tt\">1\u9879\u764c\u75c7\u68c0\u6d4b\u4e13\u5229\u3002<\/span><\/p>\n<p>\u6d4b\u91cf\u547c\u51fa\u7a7a\u6c14\u4e2d\u6325\u53d1\u6027\u6709\u673a\u5316\u5408\u7269\uff08VOCs\uff09\u7684\u5206\u6790\u65b9\u6cd5\uff0c\u7528\u4e8e\u65e9\u671f\u764c\u75c7\u68c0\u6d4b<\/p>\n<\/div>\r\n                    <\/div>\r\n        <a href=\"https:\/\/spirainnovation.com\/zh-hans\/technologies\/\" target=\"\" class=\"btn white\">\u53d1\u73b0\u6211\u4eec\u7684\u6280\u672f<\/a> \r\n    <\/div>\r\n<\/div>\n\n<div class=\"bk-values \">\r\n    <div class=\"wrapper-s\">\r\n        <h2>\u6211\u4eec\u7684\u4ef7\u503c\u89c2<\/h2>    <\/div>\r\n    <div class=\"infographic\">\r\n                <ul>\r\n                            <li>\u521b\u65b0<\/li>\r\n                            <li>\u8d28\u91cf<\/li>\r\n                            <li>\u8bda\u4fe1<\/li>\r\n                            <li>\u575a\u5b9a\u4e0d\u79fb<\/li>\r\n                    <\/ul>\r\n        <ul>\r\n                            <li>\u521b\u65b0<\/li>\r\n                            <li>\u8d28\u91cf<\/li>\r\n                            <li>\u8bda\u4fe1<\/li>\r\n                            <li>\u575a\u5b9a\u4e0d\u79fb<\/li>\r\n                    <\/ul>\r\n        <ul>\r\n                            <li>\u521b\u65b0<\/li>\r\n                            <li>\u8d28\u91cf<\/li>\r\n                            <li>\u8bda\u4fe1<\/li>\r\n                            <li>\u575a\u5b9a\u4e0d\u79fb<\/li>\r\n                    <\/ul>\r\n            <\/div>\r\n<\/div>\n\n<div class=\"bk-team \">\r\n    <div class=\"wrapper-s\">\r\n        <h2>\u6211\u4eec\u7684\u7ba1\u7406\u56e2\u961f<\/h2>                    <div class=\"image-text \">\r\n                <div class=\"image\"><img decoding=\"async\" src=\"https:\/\/spirainnovation.com\/wp-content\/uploads\/2021\/05\/Spira_Entreprise_YvesGamache-1.jpg\"><\/div>                \r\n                <div class=\"text\"><h3>\u4f0a\u592b-\u52a0\u9a6c\u8d6b (Yves Gamache)<\/h3>\n<p><strong>\u4f0a\u592b-\u52a0\u9a6c\u8d6b<\/strong><\/p>\n<p>Yves Gamache\u5bf9\u4eea\u5668\u8bbe\u5907\u3001\u81ea\u52a8\u5316\u548c\u5206\u6790\u8fc7\u7a0b\u63a7\u5236\u6709\u7740\u957f\u671f\u7684\u70ed\u60c5\u3002\u5728\u81f4\u529b\u4e8e\u6280\u672f\u53d1\u5c55\u548c\u63d0\u9ad8\u7684\u804c\u4e1a\u751f\u6daf\u4e2d\uff0c\u4ed6\u5df2\u7ecf\u6210\u4e3a\u4e16\u754c\u77e5\u540d\u7684\u6c14\u76f8\u8272\u8c31\u4e13\u5bb6\u548c\u5148\u9a71\u8005\u3002<\/p>\n<p>\u51ed\u501f40\u591a\u5e74\u7684\u524d\u6cbf\u6280\u672f\u7ecf\u9a8c\uff0c\u4ed6\u5df2\u7ecf\u64b0\u5199\u4e86166\u9879\u4e0d\u540c\u7684\u4e13\u5229\uff0c\u6d89\u53ca\u7ea630\u4e2a\u4e0d\u540c\u7684\u4e3b\u9898\u3002\u4ed6\u7684\u4e3b\u8981\u6210\u5c31\u5305\u62ec\u5f00\u53d1\u4e86\u7b2c\u4e00\u4e2a\u7b49\u79bb\u5b50\u4f53\u53d1\u5c04\u68c0\u6d4b\u5668\uff08PED\uff09\uff0c\u6210\u4e3a\u7a7a\u6c14\u5206\u79bb\u9886\u57df\u7684\u5168\u7403\u5de5\u4e1a\u6807\u51c6\uff0c\u7528\u4e8e\u6d4b\u91cf\u6c29\u6c14\u7eaf\u5ea6\u3002\u8fd9\u9879\u6280\u672f\u5728\u745e\u58eb\u76ee\u524d\u6b63\u88ab\u5e94\u7528\u4e8e\u4fdd\u62a4\u5927\u578b\u7c92\u5b50\u5bf9\u649e\u673a\u7684\u78c1\u94c1\u3002<\/p>\n<\/div>            <\/div>\r\n                    <div class=\"image-text right\">\r\n                <div class=\"image\"><img decoding=\"async\" src=\"https:\/\/spirainnovation.com\/wp-content\/uploads\/2021\/05\/Spira_Entreprise_Andre\u0301Lamontagne-1.jpg\"><\/div>                \r\n                <div class=\"text\"><h3>ANDR\u00c9 LAMONTAGNE, ING., EMBA<\/h3>\n<p><strong>\u603b\u88c1<\/strong><\/p>\n<p>\u4f5c\u4e3a\u4e00\u4e2a\u7ecf\u9a8c\u4e30\u5bcc\u7684\u5546\u4e1a\u9886\u8896\uff0c\u5b89\u5fb7\u70c8-\u62c9\u8499\u5854\u5c3c\u4ee5\u5176\u7ed3\u5408\u5206\u6790\u80fd\u529b\u548c\u5546\u4e1a\u5934\u8111\u5b9e\u65bd\u521b\u65b0\u6218\u7565\u7684\u80fd\u529b\u800c\u95fb\u540d\u3002\u62c9\u8499\u5854\u5c3c\u5148\u751f\u62e5\u670920\u5e74\u7684\u5206\u6790\u7ecf\u9a8c\uff0c\u662f\u6c14\u76f8\u8272\u8c31\u6cd5\u65b9\u9762\u7684\u4e13\u5bb6\u30022014\u5e74\uff0c\u4ed6\u662f\u54c8\u4f5b\u5546\u5b66\u9662EMBA\u5728800\u540d\u7533\u8bf7\u4eba\u4e2d\u4ec5\u5f55\u53d6\u7684100\u4eba\u4e4b\u4e00\u3002<\/p>\n<p>\u9664\u4e86\u5e7f\u6cdb\u7684\u56fd\u9645\u7ba1\u7406\u80cc\u666f\u5916\uff0c\u4ed6\u8fd8\u662f\u6c14\u4f53\u5206\u6790\u9886\u57df\u56db\u9879\u4e13\u5229\u7684\u4f5c\u8005\uff0c\u5728\u533b\u7597\u4fdd\u5065\u9886\u57df\u8fd8\u6709\u56db\u9879\u4e13\u5229\u3002\u4ed6\u5728\u9886\u5bfcContr\u00f4le Analytique\u548cServomex\u7684\u7814\u53d1\u4e1a\u52a1\u540e\uff0c\u5171\u540c\u521b\u7acb\u4e86\u65af\u6d3e\u62c9\u521b\u65b0\u3002<\/p>\n<\/div>            <\/div>\r\n            <\/div>\r\n<\/div>\n\n<div class=\"bk-conseil pt0\">\r\n    <div class=\"wrapper-s\">\r\n        <h2>\u54a8\u8be2\u59d4\u5458\u4f1a<\/h2>        <p class=\"short\">\u6211\u4eec\u7531\u4e00\u4e2a\u7531\u7ecf\u9a8c\u4e30\u5bcc\u7684\u4e13\u5bb6\u7ec4\u6210\u7684\u591a\u5b66\u79d1\u56e2\u961f\u63d0\u4f9b\u54a8\u8be2\uff0c\u4ed6\u4eec\u5728\u6c14\u76f8\u5206\u6790\u548c\u521b\u65b0\u6280\u672f\u53d1\u5c55\u65b9\u9762\u5f97\u5230\u4e86\u5168\u4e16\u754c\u7684\u8ba4\u53ef\u3002\u5728\u4ed6\u4eec\u7684\u804c\u4e1a\u751f\u6daf\u4e2d\uff0c\u4ed6\u4eec\u5f00\u53d1\u7684\u4ea7\u54c1\u548c\u6280\u672f\u65e8\u5728\u6ee1\u8db3\u5404\u4e2a\u9886\u57df\u7684\u7279\u5b9a\u9700\u6c42\uff0c\u5305\u62ec\u534a\u5bfc\u4f53\u3001\u533b\u836f\u548c\u4e2a\u4eba\u547c\u5438\u4fdd\u62a4\u3002\u8fd9\u4e9b\u89e3\u51b3\u65b9\u6848\u88ab\u4e00\u4e9b\u56fd\u9645\u7ec4\u7ec7\u91c7\u7528\uff0c\u5305\u62ec\u4e09\u661f\u3001\u82f1\u7279\u5c14\u3001ABB\u3001\u897f\u95e8\u5b50\u3001\u82f1\u56fd\u77f3\u6cb9\u516c\u53f8\u3001\u7f8e\u56fd\u5b87\u822a\u5c40\u548c\u6b27\u6d32\u6838\u5b50\u7814\u7a76\u4e2d\u5fc3\u3002<\/p>                    <div class=\"image-text lv1\">\r\n                <div class=\"image\"><img decoding=\"async\" src=\"https:\/\/spirainnovation.com\/wp-content\/uploads\/2021\/05\/Spira_Entreprise_AlexandraAllard-Coutu-1.jpg\"><\/div>                \r\n                <div class=\"text\"><h3>\u535a\u58eb\u3002ALEXANDRA ALLARD-COUTU<\/h3>\n<p>Alexandra Allard-Coutu\u535a\u58eb\u662f\u65af\u6d3e\u62c9\u521b\u65b0\u7684\u4e34\u5e8a\u8bd5\u9a8c\u4e3b\u7ba1\uff0c\u62e5\u6709\u5fae\u751f\u7269\u5b66\u548c\u514d\u75ab\u5b66\u7684\u5b66\u58eb\u5b66\u4f4d\uff0c\u4ee5\u53ca\u9ea6\u5409\u5c14\u5927\u5b66\u7684\u5916\u79d1\u7855\u58eb\u5b66\u4f4d\u3002\u4f5c\u4e3a\u5353\u8d8a\u514d\u75ab\u5b66\u7814\u7a76\u9879\u76ee\u7684\u4e00\u90e8\u5206\uff0c\u5979\u83b7\u5f97\u4e86\u533b\u5b66\u548c\u79d1\u5b66\u77e5\u8bc6\uff0c\u6709\u52a9\u4e8e\u5728\u6211\u4eec\u7684\u4e1a\u52a1\u521b\u65b0\u548c\u6211\u4eec\u5f00\u53d1\u7684\u4ea7\u54c1\u7684\u533b\u5b66\u5e94\u7528\u4e4b\u95f4\u67b6\u8d77\u6865\u6881\u3002<\/p>\n<\/div>            <\/div>\r\n                    <div class=\"image-text lv2\">\r\n                <div class=\"image\"><img decoding=\"async\" src=\"https:\/\/spirainnovation.com\/wp-content\/uploads\/2021\/05\/Spira_Entreprise_JeanFortier-1.jpg\"><\/div>                \r\n                <div class=\"text\"><h3>\u6768-\u798f\u5c14\u8482\u5c14 (JEAN FORTIER)<i>CPA \/ CA<\/i><\/h3>\n<p>Jean Fortier\u662f\u4e00\u540d\u516c\u5171\u4f1a\u8ba1\u5e08\u548c\u4e00\u5bb6\u5927\u578b\u56fd\u9645\u4f1a\u8ba1\u5e08\u4e8b\u52a1\u6240\u7684\u9ad8\u7ea7\u5408\u4f19\u4eba\u3002\u5728\u4e2a\u4eba\u65b9\u9762\uff0c\u4ed6\u5df2\u7ecf\u4e3a\u65af\u6d3e\u62c9\u521b\u65b0\u53ca\u5176\u9644\u5c5e\u673a\u6784\u63d0\u4f9b\u4e86\u8d85\u8fc715\u5e74\u7684\u54a8\u8be2\uff0c\u6d89\u53ca\u7684\u9886\u57df\u5305\u62ec\u5546\u4e1a\u3001\u8d22\u52a1\u3001\u7a0e\u52a1\u3001\u76f4\u63a5\u62e8\u6b3e\u548c\u517c\u5e76\u4e0e\u6536\u8d2d\u3002<\/p>\n<\/div>            <\/div>\r\n                    <div class=\"image-text lv3\">\r\n                <div class=\"image\"><img decoding=\"async\" src=\"https:\/\/spirainnovation.com\/wp-content\/uploads\/2021\/05\/Spira_Entreprise_DarioPietrantonio-1.jpg\"><\/div>                \r\n                <div class=\"text\"><h3>Dario pietrantonio<\/h3>\n<p>Pietrantonio\u5148\u751f\u662fRobic, LLP\u5f8b\u5e08\u4e8b\u52a1\u6240\u7684\u5408\u4f19\u4eba\uff0c\u4e13\u6ce8\u4e8e\u5546\u4e1a\u6cd5\u3001\u6280\u672f\u6cd5\u548c\u77e5\u8bc6\u4ea7\u6743\u3002\u57282019\u5e74\u548c2020\u5e74\uff0c\u4ed6\u5728\u300a\u52a0\u62ff\u5927\u6700\u4f73\u5f8b\u5e08\u300b\u76ee\u5f55\u4e2d\u7684\u6280\u672f\u6cd5\u7c7b\u522b\u4e2d\u5f97\u5230\u4e86\u540c\u884c\u7684\u8ba4\u53ef\u3002\u4ed6\u4e3a\u6211\u4eec\u7684\u5de5\u4f5c\u4e3b\u8981\u5305\u62ec\u4e3a\u83b7\u5f97\u56fd\u9645\u4e13\u5229\u63d0\u4f9b\u5e2e\u52a9\u3002<\/p>\n<\/div>            <\/div>\r\n            <\/div>\r\n<\/div>","protected":false},"excerpt":{"rendered":"","protected":false},"author":1,"featured_media":0,"parent":0,"menu_order":0,"comment_status":"closed","ping_status":"closed","template":"","meta":{"footnotes":""},"class_list":["post-1063","page","type-page","status-publish","hentry"],"yoast_head":"<!-- This site is optimized with the Yoast SEO plugin v23.4 - https:\/\/yoast.com\/wordpress\/plugins\/seo\/ -->\n<title>\u6211\u4eec\u7684\u516c\u53f8 - Spira<\/title>\n<meta name=\"description\" content=\"Spira Innovation d\u00e9veloppe des appareils de d\u00e9tection de compos\u00e9s organiques volatils pour la d\u00e9tection pr\u00e9coce des cancers et des appareils de protection respiratoire (PAPR) qui \u00e9liminent totalement les pathog\u00e8nes, comme le SRAS-CoV-2, le coronavirus responsable de la maladie Covid-19.\" \/>\n<meta name=\"robots\" content=\"index, follow, max-snippet:-1, max-image-preview:large, max-video-preview:-1\" \/>\n<link rel=\"canonical\" href=\"https:\/\/spirainnovation.com\/entreprise\/\" \/>\n<meta property=\"og:locale\" content=\"zh_CN\" \/>\n<meta property=\"og:type\" content=\"article\" \/>\n<meta property=\"og:title\" content=\"\u6211\u4eec\u7684\u516c\u53f8 - Spira\" \/>\n<meta property=\"og:description\" content=\"Spira Innovation d\u00e9veloppe des appareils de d\u00e9tection de compos\u00e9s organiques volatils pour la d\u00e9tection pr\u00e9coce des cancers et des appareils de protection respiratoire (PAPR) qui \u00e9liminent totalement les pathog\u00e8nes, comme le SRAS-CoV-2, le coronavirus responsable de la maladie Covid-19.\" \/>\n<meta property=\"og:url\" content=\"https:\/\/spirainnovation.com\/entreprise\/\" \/>\n<meta property=\"og:site_name\" content=\"Spira\" \/>\n<meta property=\"article:modified_time\" content=\"2021-05-21T20:13:12+00:00\" \/>\n<meta property=\"og:image\" content=\"https:\/\/spirainnovation.com\/wp-content\/uploads\/2021\/05\/Spira_SiteWeb_Partage_1.jpg\" \/>\n\t<meta property=\"og:image:width\" content=\"1200\" \/>\n\t<meta property=\"og:image:height\" content=\"630\" \/>\n\t<meta property=\"og:image:type\" content=\"image\/jpeg\" \/>\n<meta name=\"twitter:card\" content=\"summary_large_image\" \/>\n<script type=\"application\/ld+json\" class=\"yoast-schema-graph\">{\"@context\":\"https:\/\/schema.org\",\"@graph\":[{\"@type\":\"WebPage\",\"@id\":\"https:\/\/spirainnovation.com\/entreprise\/\",\"url\":\"https:\/\/spirainnovation.com\/entreprise\/\",\"name\":\"\u6211\u4eec\u7684\u516c\u53f8 - Spira\",\"isPartOf\":{\"@id\":\"https:\/\/spirainnovation.com\/#website\"},\"datePublished\":\"2021-03-16T15:59:29+00:00\",\"dateModified\":\"2021-05-21T20:13:12+00:00\",\"description\":\"Spira Innovation d\u00e9veloppe des appareils de d\u00e9tection de compos\u00e9s organiques volatils pour la d\u00e9tection pr\u00e9coce des cancers et des appareils de protection respiratoire (PAPR) qui \u00e9liminent totalement les pathog\u00e8nes, comme le SRAS-CoV-2, le coronavirus responsable de la maladie Covid-19.\",\"breadcrumb\":{\"@id\":\"https:\/\/spirainnovation.com\/entreprise\/#breadcrumb\"},\"inLanguage\":\"zh-Hans\",\"potentialAction\":[{\"@type\":\"ReadAction\",\"target\":[\"https:\/\/spirainnovation.com\/entreprise\/\"]}]},{\"@type\":\"BreadcrumbList\",\"@id\":\"https:\/\/spirainnovation.com\/entreprise\/#breadcrumb\",\"itemListElement\":[{\"@type\":\"ListItem\",\"position\":1,\"name\":\"Home\",\"item\":\"https:\/\/spirainnovation.com\/zh-hans\/\"},{\"@type\":\"ListItem\",\"position\":2,\"name\":\"\u6211\u4eec\u7684\u516c\u53f8\"}]},{\"@type\":\"WebSite\",\"@id\":\"https:\/\/spirainnovation.com\/#website\",\"url\":\"https:\/\/spirainnovation.com\/\",\"name\":\"Spira\",\"description\":\"Inspirer le futur\",\"publisher\":{\"@id\":\"https:\/\/spirainnovation.com\/#organization\"},\"potentialAction\":[{\"@type\":\"SearchAction\",\"target\":{\"@type\":\"EntryPoint\",\"urlTemplate\":\"https:\/\/spirainnovation.com\/?s={search_term_string}\"},\"query-input\":{\"@type\":\"PropertyValueSpecification\",\"valueRequired\":true,\"valueName\":\"search_term_string\"}}],\"inLanguage\":\"zh-Hans\"},{\"@type\":\"Organization\",\"@id\":\"https:\/\/spirainnovation.com\/#organization\",\"name\":\"Spira Innovation\",\"url\":\"https:\/\/spirainnovation.com\/\",\"logo\":{\"@type\":\"ImageObject\",\"inLanguage\":\"zh-Hans\",\"@id\":\"https:\/\/spirainnovation.com\/#\/schema\/logo\/image\/\",\"url\":\"https:\/\/spirainnovation.com\/wp-content\/uploads\/2021\/05\/logo.svg\",\"contentUrl\":\"https:\/\/spirainnovation.com\/wp-content\/uploads\/2021\/05\/logo.svg\",\"width\":1,\"height\":1,\"caption\":\"Spira Innovation\"},\"image\":{\"@id\":\"https:\/\/spirainnovation.com\/#\/schema\/logo\/image\/\"},\"sameAs\":[\"https:\/\/www.linkedin.com\/company\/spira-innovation\/\"]}]}<\/script>\n<!-- \/ Yoast SEO plugin. -->","yoast_head_json":{"title":"\u6211\u4eec\u7684\u516c\u53f8 - Spira","description":"Spira Innovation d\u00e9veloppe des appareils de d\u00e9tection de compos\u00e9s organiques volatils pour la d\u00e9tection pr\u00e9coce des cancers et des appareils de protection respiratoire (PAPR) qui \u00e9liminent totalement les pathog\u00e8nes, comme le SRAS-CoV-2, le coronavirus responsable de la maladie Covid-19.","robots":{"index":"index","follow":"follow","max-snippet":"max-snippet:-1","max-image-preview":"max-image-preview:large","max-video-preview":"max-video-preview:-1"},"canonical":"https:\/\/spirainnovation.com\/entreprise\/","og_locale":"zh_CN","og_type":"article","og_title":"\u6211\u4eec\u7684\u516c\u53f8 - Spira","og_description":"Spira Innovation d\u00e9veloppe des appareils de d\u00e9tection de compos\u00e9s organiques volatils pour la d\u00e9tection pr\u00e9coce des cancers et des appareils de protection respiratoire (PAPR) qui \u00e9liminent totalement les pathog\u00e8nes, comme le SRAS-CoV-2, le coronavirus responsable de la maladie Covid-19.","og_url":"https:\/\/spirainnovation.com\/entreprise\/","og_site_name":"Spira","article_modified_time":"2021-05-21T20:13:12+00:00","og_image":[{"width":1200,"height":630,"url":"https:\/\/spirainnovation.com\/wp-content\/uploads\/2021\/05\/Spira_SiteWeb_Partage_1.jpg","type":"image\/jpeg"}],"twitter_card":"summary_large_image","schema":{"@context":"https:\/\/schema.org","@graph":[{"@type":"WebPage","@id":"https:\/\/spirainnovation.com\/entreprise\/","url":"https:\/\/spirainnovation.com\/entreprise\/","name":"\u6211\u4eec\u7684\u516c\u53f8 - Spira","isPartOf":{"@id":"https:\/\/spirainnovation.com\/#website"},"datePublished":"2021-03-16T15:59:29+00:00","dateModified":"2021-05-21T20:13:12+00:00","description":"Spira Innovation d\u00e9veloppe des appareils de d\u00e9tection de compos\u00e9s organiques volatils pour la d\u00e9tection pr\u00e9coce des cancers et des appareils de protection respiratoire (PAPR) qui \u00e9liminent totalement les pathog\u00e8nes, comme le SRAS-CoV-2, le coronavirus responsable de la maladie Covid-19.","breadcrumb":{"@id":"https:\/\/spirainnovation.com\/entreprise\/#breadcrumb"},"inLanguage":"zh-Hans","potentialAction":[{"@type":"ReadAction","target":["https:\/\/spirainnovation.com\/entreprise\/"]}]},{"@type":"BreadcrumbList","@id":"https:\/\/spirainnovation.com\/entreprise\/#breadcrumb","itemListElement":[{"@type":"ListItem","position":1,"name":"Home","item":"https:\/\/spirainnovation.com\/zh-hans\/"},{"@type":"ListItem","position":2,"name":"\u6211\u4eec\u7684\u516c\u53f8"}]},{"@type":"WebSite","@id":"https:\/\/spirainnovation.com\/#website","url":"https:\/\/spirainnovation.com\/","name":"Spira","description":"Inspirer le futur","publisher":{"@id":"https:\/\/spirainnovation.com\/#organization"},"potentialAction":[{"@type":"SearchAction","target":{"@type":"EntryPoint","urlTemplate":"https:\/\/spirainnovation.com\/?s={search_term_string}"},"query-input":{"@type":"PropertyValueSpecification","valueRequired":true,"valueName":"search_term_string"}}],"inLanguage":"zh-Hans"},{"@type":"Organization","@id":"https:\/\/spirainnovation.com\/#organization","name":"Spira Innovation","url":"https:\/\/spirainnovation.com\/","logo":{"@type":"ImageObject","inLanguage":"zh-Hans","@id":"https:\/\/spirainnovation.com\/#\/schema\/logo\/image\/","url":"https:\/\/spirainnovation.com\/wp-content\/uploads\/2021\/05\/logo.svg","contentUrl":"https:\/\/spirainnovation.com\/wp-content\/uploads\/2021\/05\/logo.svg","width":1,"height":1,"caption":"Spira Innovation"},"image":{"@id":"https:\/\/spirainnovation.com\/#\/schema\/logo\/image\/"},"sameAs":["https:\/\/www.linkedin.com\/company\/spira-innovation\/"]}]}},"_links":{"self":[{"href":"https:\/\/spirainnovation.com\/zh-hans\/wp-json\/wp\/v2\/pages\/1063"}],"collection":[{"href":"https:\/\/spirainnovation.com\/zh-hans\/wp-json\/wp\/v2\/pages"}],"about":[{"href":"https:\/\/spirainnovation.com\/zh-hans\/wp-json\/wp\/v2\/types\/page"}],"author":[{"embeddable":true,"href":"https:\/\/spirainnovation.com\/zh-hans\/wp-json\/wp\/v2\/users\/1"}],"replies":[{"embeddable":true,"href":"https:\/\/spirainnovation.com\/zh-hans\/wp-json\/wp\/v2\/comments?post=1063"}],"version-history":[{"count":8,"href":"https:\/\/spirainnovation.com\/zh-hans\/wp-json\/wp\/v2\/pages\/1063\/revisions"}],"predecessor-version":[{"id":1196,"href":"https:\/\/spirainnovation.com\/zh-hans\/wp-json\/wp\/v2\/pages\/1063\/revisions\/1196"}],"wp:attachment":[{"href":"https:\/\/spirainnovation.com\/zh-hans\/wp-json\/wp\/v2\/media?parent=1063"}],"curies":[{"name":"wp","href":"https:\/\/api.w.org\/{rel}","templated":true}]}}