{"id":1039,"date":"2021-03-20T21:06:38","date_gmt":"2021-03-20T21:06:38","guid":{"rendered":"https:\/\/spirainnovation.com\/accueil\/"},"modified":"2021-06-23T16:14:02","modified_gmt":"2021-06-23T16:14:02","slug":"accueil","status":"publish","type":"page","link":"https:\/\/spirainnovation.com\/zh-hans\/","title":{"rendered":"Home (ZN)"},"content":{"rendered":"<div class=\"bk-hero full-height h-arrow  \" style=\"background-color:#91FBF2; background-image: url(https:\/\/spirainnovation.com\/wp-content\/uploads\/2021\/05\/496ba1d1dbae2bdce9a37e66c97f0bcc.jpg)\">\r\n    <div class=\"wrapper \">\r\n                    <span class=\"sup\">\u70ed\u9632\u62a4\u88c5\u7f6e<\/span>            <h1>\u552f\u4e00\u80fd\u6d88\u9664\u6240\u6709\u75c5\u539f\u4f53\u7684PAPR<\/h1>                                    <a href=\"https:\/\/spirainnovation.com\/zh-hans\/produits\/thermasafe\/\" target=\"\" class=\"btn\">\u63a2\u7d22\u6211\u4eec\u7684\u6a21\u578b<\/a>            <\/div>\r\n<\/div>\n\n<div class=\"bk-txt-cta-black \">\r\n    <div class=\"wrapper-ss\">\r\n\t\t<h2><span class=\"cl-primary\" style=\"color: #32ebdc;\">\u6fc0\u53d1\u672a\u6765\u7684\u6d3b\u529b<\/h2>\n<p>\u5728\u65af\u6d3e\u62c9\u521b\u65b0\uff0c\u6211\u4eec\u5f00\u53d1\u7a7a\u6c14\u5206\u6790\u548c\u5904\u7406\u7cfb\u7edf\u4ee5\u4fdd\u62a4\u751f\u547d\u3002<\/p>\n<a href=\"https:\/\/spirainnovation.com\/zh-hans\/our-company\/\/\" target=\"\" class=\"btn white\">\u6211\u4eec\u7684\u516c\u53f8<\/a>    <\/div>\r\n<\/div>\n\n<div class=\"bk-info-protection \">\r\n    <div class=\"wrapper-ss\">\r\n        <h2>\u4e00\u4e2a\u8bbe\u5907&#8211;\u53cc\u500d\u7684\u4fdd\u62a4<\/h2>        <div class=\"info-container\">\r\n                            <div class=\"graphic\"><p><img loading=\"lazy\" decoding=\"async\" class=\"alignnone size-medium wp-image-91\" src=\"http:\/\/spirainnovation.com\/wp-content\/uploads\/2021\/03\/line.svg\" alt=\"\" width=\"1\" height=\"1\" \/><\/p>\n<p>\u901a\u8fc7\u52a0\u70ed\u8fc7\u6ee4\u5668\uff0c\u6211\u4eec\u7684\u70ed\u53cd\u5e94\u5668\u53ef\u4ee5\u6d88\u706d99.9999999%\u7684\u75c5\u539f\u4f53\u3002<\/p>\n<\/div>\r\n                            <div class=\"graphic\"><p><i class=\"icon icon-plus\"><span>&nbsp;<\/span><\/i><\/p>\n<\/div>\r\n                            <div class=\"graphic\"><p><img loading=\"lazy\" decoding=\"async\" class=\"alignnone size-medium wp-image-89\" src=\"http:\/\/spirainnovation.com\/wp-content\/uploads\/2021\/03\/filter.svg\" alt=\"\" width=\"1\" height=\"1\" \/><\/p>\n<p>\u6211\u4eec\u7684\u4e0d\u9508\u94a2\u8fc7\u6ee4\u5668\u80fd\u6355\u83b7\u6bd4SRAS-CoV-2\u75c5\u6bd2\u5c0f40\u500d\u7684\u9897\u7c92\u3002<\/nobr>.<\/p>\n<\/div>\r\n                        <!-- <div class=\"graphic\"><i class=\"icon icon-plus\"><\/i><\/div> -->\r\n        <\/div>\r\n\t\t<a href=\"https:\/\/spirainnovation.com\/zh-hans\/technologies\/thermasafe\/\" target=\"\" class=\"btn\">\u67e5\u770b\u6280\u672f<\/a>        \r\n    <\/div>\r\n<\/div>\n\n<div class=\"bk-video-text \">\r\n    <div class=\"wrapper-s\">\r\n        <h2>\u521b\u65b0\u5728\u7a7a\u6c14\u4e2d<\/h2>        <div class=\"info-container\">\r\n                        \r\n            <div class=\"graphic \">\r\n            <a ><img decoding=\"async\" src=\"https:\/\/spirainnovation.com\/wp-content\/uploads\/2021\/05\/f0f9e6c9372f181ab03f338980927249-1-500x265.jpg\"><\/a>            <\/div>\r\n            <div class=\"text\">\r\n                <p>\u6211\u4eec\u7814\u7a76\u4eba\u5458\u7684\u4e3b\u8981\u91cd\u70b9\u662f\u5bfb\u627e\u521b\u65b0\u7684\u89e3\u51b3\u65b9\u6848\u6765\u4fdd\u62a4\u4eba\u4eec\u3002\u6211\u4eec\u7684\u7814\u7a76\u5f00\u59cb\u65f6\u7684\u76ee\u6807\u662f\u5f00\u53d1\u4e00\u79cd\u53ef\u4ee5\u901a\u8fc7\u4eba\u7c7b\u7684\u547c\u5438\u68c0\u6d4b\u51fa\u764c\u75c7\u7684\u65e9\u671f\u8bca\u65ad\u8bbe\u5907\u3002\u6211\u4eec\u8fd8\u53d1\u73b0\u4e86\u4e00\u4e2a\u9769\u547d\u6027\u7684\u8fc7\u7a0b\u6765\u51c0\u5316\u6211\u4eec\u5438\u5165\u548c\u547c\u51fa\u7684\u7a7a\u6c14\u3002\u4ece\u6c14\u4f53\u5206\u5b50\u5206\u6790\u5230\u5b89\u5168\u6d88\u9664\u4e0d\u826f\u6210\u5206\uff08\u5982\u7a7a\u6c14\u4e2d\u7684\u75c5\u539f\u4f53\uff09\uff0c\u6211\u4eec\u5c06\u521b\u65b0\u89c6\u4e3a\u62ef\u6551\u751f\u547d\u7684\u5de5\u5177\u3002<\/p>\n            <\/div>\r\n        <\/div>\r\n\t\t<a href=\"https:\/\/spirainnovation.com\/zh-hans\/our-company\/\" target=\"\" class=\"btn\">\u6211\u4eec\u7684\u5386\u53f2<\/a>         \r\n    <\/div>\r\n<\/div>\n\n<div class=\"bk-home-development\"  style=\"background-image: url(https:\/\/spirainnovation.com\/wp-content\/uploads\/2021\/05\/Spira_Accueil_SpiraBiopsy-1.jpg)\">\r\n    <div class=\"wrapper-s clearfix\">\r\n        <span class=\"sup-title\">\u53d1\u5c55\u4e2d<\/span>        <h2>\u901a\u8fc7\u547c\u5438\u8fdb\u884c\u65e9\u671f\u764c\u75c7\u68c0\u6d4b<\/h2>        <div class=\"content\">\r\n            <p>\u6211\u4eec\u7684\u65e9\u671f\u764c\u75c7\u68c0\u6d4b\u8bbe\u5907\uff0c\u79f0\u4e3aSpiraBiopsy\uff0c\u68c0\u67e5\u75c5\u4eba\u7684\u547c\u5438\u4ee5\u5bfb\u627e\u6325\u53d1\u6027\u6709\u673a\u5316\u5408\u7269\uff08VOC\uff09\u3002\u8fd9\u4e9bVOC\u53ef\u4ee5\u7279\u5f81\u8868\u660e\u4ee3\u8c22\u7d0a\u4e71\uff0c\u5982\u5404\u79cd\u764c\u75c7\uff0c\u751a\u81f3\u5728\u7b2c\u4e00\u4e2a\u75c7\u72b6\u51fa\u73b0\u4e4b\u524d\u3002<\/p>\n<a href=\"https:\/\/spirainnovation.com\/zh-hans\/produits\/spirabiopsy\/\" target=\"\" class=\"btn\">\u4e86\u89e3\u66f4\u591a<\/a>             \r\n        <\/div>\r\n    <\/div>\r\n<\/div>","protected":false},"excerpt":{"rendered":"","protected":false},"author":1,"featured_media":0,"parent":0,"menu_order":0,"comment_status":"closed","ping_status":"closed","template":"","meta":{"footnotes":""},"class_list":["post-1039","page","type-page","status-publish","hentry"],"yoast_head":"<!-- This site is optimized with the Yoast SEO plugin v23.4 - https:\/\/yoast.com\/wordpress\/plugins\/seo\/ -->\n<title>Home (ZN) - Spira<\/title>\n<meta name=\"description\" content=\"Appareils de d\u00e9tection de compos\u00e9s organiques volatils pour la d\u00e9tection pr\u00e9coce des cancers et des appareils de protection respiratoire (PAPR) qui \u00e9liminent totalement les pathog\u00e8nes, comme le SRAS-CoV-2, le coronavirus responsable de la maladie Covid-19.\" \/>\n<meta name=\"robots\" content=\"index, follow, max-snippet:-1, max-image-preview:large, max-video-preview:-1\" \/>\n<link rel=\"canonical\" href=\"https:\/\/spirainnovation.com\/zh-hans\/\" \/>\n<meta property=\"og:locale\" content=\"zh_CN\" \/>\n<meta property=\"og:type\" content=\"article\" \/>\n<meta property=\"og:title\" content=\"Home (ZN) - Spira\" \/>\n<meta property=\"og:description\" content=\"Appareils de d\u00e9tection de compos\u00e9s organiques volatils pour la d\u00e9tection pr\u00e9coce des cancers et des appareils de protection respiratoire (PAPR) qui \u00e9liminent totalement les pathog\u00e8nes, comme le SRAS-CoV-2, le coronavirus responsable de la maladie Covid-19.\" \/>\n<meta property=\"og:url\" content=\"https:\/\/spirainnovation.com\/zh-hans\/\" \/>\n<meta property=\"og:site_name\" content=\"Spira\" \/>\n<meta property=\"article:modified_time\" content=\"2021-06-23T16:14:02+00:00\" \/>\n<meta property=\"og:image\" content=\"https:\/\/spirainnovation.com\/wp-content\/uploads\/2021\/05\/Spira_SiteWeb_Partage_1.jpg\" \/>\n\t<meta property=\"og:image:width\" content=\"1200\" \/>\n\t<meta property=\"og:image:height\" content=\"630\" \/>\n\t<meta property=\"og:image:type\" content=\"image\/jpeg\" \/>\n<meta name=\"twitter:card\" content=\"summary_large_image\" \/>\n<script type=\"application\/ld+json\" class=\"yoast-schema-graph\">{\"@context\":\"https:\/\/schema.org\",\"@graph\":[{\"@type\":\"WebPage\",\"@id\":\"https:\/\/spirainnovation.com\/zh-hans\/\",\"url\":\"https:\/\/spirainnovation.com\/zh-hans\/\",\"name\":\"Home (ZN) - Spira\",\"isPartOf\":{\"@id\":\"https:\/\/spirainnovation.com\/#website\"},\"datePublished\":\"2021-03-20T21:06:38+00:00\",\"dateModified\":\"2021-06-23T16:14:02+00:00\",\"description\":\"Appareils de d\u00e9tection de compos\u00e9s organiques volatils pour la d\u00e9tection pr\u00e9coce des cancers et des appareils de protection respiratoire (PAPR) qui \u00e9liminent totalement les pathog\u00e8nes, comme le SRAS-CoV-2, le coronavirus responsable de la maladie Covid-19.\",\"breadcrumb\":{\"@id\":\"https:\/\/spirainnovation.com\/zh-hans\/#breadcrumb\"},\"inLanguage\":\"zh-Hans\",\"potentialAction\":[{\"@type\":\"ReadAction\",\"target\":[\"https:\/\/spirainnovation.com\/zh-hans\/\"]}]},{\"@type\":\"BreadcrumbList\",\"@id\":\"https:\/\/spirainnovation.com\/zh-hans\/#breadcrumb\",\"itemListElement\":[{\"@type\":\"ListItem\",\"position\":1,\"name\":\"Home\",\"item\":\"https:\/\/spirainnovation.com\/zh-hans\/\"},{\"@type\":\"ListItem\",\"position\":2,\"name\":\"Home (ZN)\"}]},{\"@type\":\"WebSite\",\"@id\":\"https:\/\/spirainnovation.com\/#website\",\"url\":\"https:\/\/spirainnovation.com\/\",\"name\":\"Spira\",\"description\":\"Inspirer le futur\",\"publisher\":{\"@id\":\"https:\/\/spirainnovation.com\/#organization\"},\"potentialAction\":[{\"@type\":\"SearchAction\",\"target\":{\"@type\":\"EntryPoint\",\"urlTemplate\":\"https:\/\/spirainnovation.com\/?s={search_term_string}\"},\"query-input\":{\"@type\":\"PropertyValueSpecification\",\"valueRequired\":true,\"valueName\":\"search_term_string\"}}],\"inLanguage\":\"zh-Hans\"},{\"@type\":\"Organization\",\"@id\":\"https:\/\/spirainnovation.com\/#organization\",\"name\":\"Spira Innovation\",\"url\":\"https:\/\/spirainnovation.com\/\",\"logo\":{\"@type\":\"ImageObject\",\"inLanguage\":\"zh-Hans\",\"@id\":\"https:\/\/spirainnovation.com\/#\/schema\/logo\/image\/\",\"url\":\"https:\/\/spirainnovation.com\/wp-content\/uploads\/2021\/05\/logo.svg\",\"contentUrl\":\"https:\/\/spirainnovation.com\/wp-content\/uploads\/2021\/05\/logo.svg\",\"width\":1,\"height\":1,\"caption\":\"Spira Innovation\"},\"image\":{\"@id\":\"https:\/\/spirainnovation.com\/#\/schema\/logo\/image\/\"},\"sameAs\":[\"https:\/\/www.linkedin.com\/company\/spira-innovation\/\"]}]}<\/script>\n<!-- \/ Yoast SEO plugin. -->","yoast_head_json":{"title":"Home (ZN) - Spira","description":"Appareils de d\u00e9tection de compos\u00e9s organiques volatils pour la d\u00e9tection pr\u00e9coce des cancers et des appareils de protection respiratoire (PAPR) qui \u00e9liminent totalement les pathog\u00e8nes, comme le SRAS-CoV-2, le coronavirus responsable de la maladie Covid-19.","robots":{"index":"index","follow":"follow","max-snippet":"max-snippet:-1","max-image-preview":"max-image-preview:large","max-video-preview":"max-video-preview:-1"},"canonical":"https:\/\/spirainnovation.com\/zh-hans\/","og_locale":"zh_CN","og_type":"article","og_title":"Home (ZN) - Spira","og_description":"Appareils de d\u00e9tection de compos\u00e9s organiques volatils pour la d\u00e9tection pr\u00e9coce des cancers et des appareils de protection respiratoire (PAPR) qui \u00e9liminent totalement les pathog\u00e8nes, comme le SRAS-CoV-2, le coronavirus responsable de la maladie Covid-19.","og_url":"https:\/\/spirainnovation.com\/zh-hans\/","og_site_name":"Spira","article_modified_time":"2021-06-23T16:14:02+00:00","og_image":[{"width":1200,"height":630,"url":"https:\/\/spirainnovation.com\/wp-content\/uploads\/2021\/05\/Spira_SiteWeb_Partage_1.jpg","type":"image\/jpeg"}],"twitter_card":"summary_large_image","schema":{"@context":"https:\/\/schema.org","@graph":[{"@type":"WebPage","@id":"https:\/\/spirainnovation.com\/zh-hans\/","url":"https:\/\/spirainnovation.com\/zh-hans\/","name":"Home (ZN) - Spira","isPartOf":{"@id":"https:\/\/spirainnovation.com\/#website"},"datePublished":"2021-03-20T21:06:38+00:00","dateModified":"2021-06-23T16:14:02+00:00","description":"Appareils de d\u00e9tection de compos\u00e9s organiques volatils pour la d\u00e9tection pr\u00e9coce des cancers et des appareils de protection respiratoire (PAPR) qui \u00e9liminent totalement les pathog\u00e8nes, comme le SRAS-CoV-2, le coronavirus responsable de la maladie Covid-19.","breadcrumb":{"@id":"https:\/\/spirainnovation.com\/zh-hans\/#breadcrumb"},"inLanguage":"zh-Hans","potentialAction":[{"@type":"ReadAction","target":["https:\/\/spirainnovation.com\/zh-hans\/"]}]},{"@type":"BreadcrumbList","@id":"https:\/\/spirainnovation.com\/zh-hans\/#breadcrumb","itemListElement":[{"@type":"ListItem","position":1,"name":"Home","item":"https:\/\/spirainnovation.com\/zh-hans\/"},{"@type":"ListItem","position":2,"name":"Home (ZN)"}]},{"@type":"WebSite","@id":"https:\/\/spirainnovation.com\/#website","url":"https:\/\/spirainnovation.com\/","name":"Spira","description":"Inspirer le futur","publisher":{"@id":"https:\/\/spirainnovation.com\/#organization"},"potentialAction":[{"@type":"SearchAction","target":{"@type":"EntryPoint","urlTemplate":"https:\/\/spirainnovation.com\/?s={search_term_string}"},"query-input":{"@type":"PropertyValueSpecification","valueRequired":true,"valueName":"search_term_string"}}],"inLanguage":"zh-Hans"},{"@type":"Organization","@id":"https:\/\/spirainnovation.com\/#organization","name":"Spira Innovation","url":"https:\/\/spirainnovation.com\/","logo":{"@type":"ImageObject","inLanguage":"zh-Hans","@id":"https:\/\/spirainnovation.com\/#\/schema\/logo\/image\/","url":"https:\/\/spirainnovation.com\/wp-content\/uploads\/2021\/05\/logo.svg","contentUrl":"https:\/\/spirainnovation.com\/wp-content\/uploads\/2021\/05\/logo.svg","width":1,"height":1,"caption":"Spira Innovation"},"image":{"@id":"https:\/\/spirainnovation.com\/#\/schema\/logo\/image\/"},"sameAs":["https:\/\/www.linkedin.com\/company\/spira-innovation\/"]}]}},"_links":{"self":[{"href":"https:\/\/spirainnovation.com\/zh-hans\/wp-json\/wp\/v2\/pages\/1039"}],"collection":[{"href":"https:\/\/spirainnovation.com\/zh-hans\/wp-json\/wp\/v2\/pages"}],"about":[{"href":"https:\/\/spirainnovation.com\/zh-hans\/wp-json\/wp\/v2\/types\/page"}],"author":[{"embeddable":true,"href":"https:\/\/spirainnovation.com\/zh-hans\/wp-json\/wp\/v2\/users\/1"}],"replies":[{"embeddable":true,"href":"https:\/\/spirainnovation.com\/zh-hans\/wp-json\/wp\/v2\/comments?post=1039"}],"version-history":[{"count":12,"href":"https:\/\/spirainnovation.com\/zh-hans\/wp-json\/wp\/v2\/pages\/1039\/revisions"}],"predecessor-version":[{"id":1210,"href":"https:\/\/spirainnovation.com\/zh-hans\/wp-json\/wp\/v2\/pages\/1039\/revisions\/1210"}],"wp:attachment":[{"href":"https:\/\/spirainnovation.com\/zh-hans\/wp-json\/wp\/v2\/media?parent=1039"}],"curies":[{"name":"wp","href":"https:\/\/api.w.org\/{rel}","templated":true}]}}