{"id":611,"date":"2021-04-22T13:46:42","date_gmt":"2021-04-22T13:46:42","guid":{"rendered":"https:\/\/spirainnovation.com\/vie-privee-et-conditions-dutilisation\/"},"modified":"2021-05-05T16:40:59","modified_gmt":"2021-05-05T16:40:59","slug":"privacy-and-terms-of-use","status":"publish","type":"page","link":"https:\/\/spirainnovation.com\/en\/privacy-and-terms-of-use\/","title":{"rendered":"Privacy and terms of use"},"content":{"rendered":"\n<p><strong>DISCLAIMER<\/strong><\/p>\n\n\n\n<p>The information on this Web site is taken from reliable sources and the information is accurate at the time it is posted on the Web site. However, the information is provided \u201cas is\u201d without any express or implied warranty of any kind. Spira Innovation and its suppliers do not warranty the accuracy, completeness or timeliness of the information and reserve the right to make changes at any time without notice. Spira Innovation and its suppliers cannot be held liable under any circumstance for any damages whatsoever, including without limitation, damages for loss of profit, business interruption, loss of information and data, arising out of the use of or inability to use this Web site and the information it contains, even if Spira Innovation has been made aware of the possibility of such damages.<\/p>\n\n\n\n<p>&nbsp;<\/p>\n\n\n\n<p><strong>COPYRIGHT<\/strong><\/p>\n\n\n\n<p>Spira Innovation owns and retains the copyrights to the materials found on this site. Unless otherwise authorized by Spira Innovation, no one is allowed to reproduce in whole or in part, in any form, any information found on the Spira&nbsp;Innovation Web sites. You may download one copy of the materials on any single computer for your personal non-commercial use only, provided that all the copyright information and other proprietary notices are kept intact.<\/p>\n\n\n\n<p>&nbsp;<\/p>\n\n\n\n<p><strong>LINKS TO THIRD-PARTY SITES<\/strong><\/p>\n\n\n\n<p>The links to third-party sites are provided as a convenience to you only and do not imply an endorsement by Spira Innovation of any such linked site. Spira Innovation cannot be held responsible for information and materials found on sites controlled or operated outside of its domain, including any assurance of the accuracy of such information.<\/p>\n\n\n\n<p>&nbsp;<\/p>\n\n\n\n<p><strong>PRIVACY POLICY<\/strong><\/p>\n\n\n\n<p>Spira Innovation respects the privacy of any visitors to www.spirainnovation.com and does not share any personal information with third parties. Spira Innovation does not assume any responsibility for the privacy policies of web sites a user is able to access through this web site.<\/p>\n","protected":false},"excerpt":{"rendered":"<p>DISCLAIMER The information on this Web site is taken from reliable sources and the information is accurate at the time it is posted on the Web site. However, the information is provided \u201cas is\u201d without any express or implied warranty of any kind. Spira Innovation and its suppliers do not warranty the accuracy, completeness or [&hellip;]<\/p>\n","protected":false},"author":1,"featured_media":0,"parent":0,"menu_order":0,"comment_status":"closed","ping_status":"closed","template":"template-wysiwyg.php","meta":{"footnotes":""},"class_list":["post-611","page","type-page","status-publish","hentry"],"yoast_head":"<!-- This site is optimized with the Yoast SEO plugin v23.4 - https:\/\/yoast.com\/wordpress\/plugins\/seo\/ -->\n<title>Privacy and terms of use - Spira<\/title>\n<meta name=\"description\" content=\"Spira Innovation d\u00e9veloppe des appareils de d\u00e9tection de compos\u00e9s organiques volatils pour la d\u00e9tection pr\u00e9coce des cancers et des appareils de protection respiratoire (PAPR) qui \u00e9liminent totalement les pathog\u00e8nes, comme le SRAS-CoV-2, le coronavirus responsable de la maladie Covid-19.\" \/>\n<meta name=\"robots\" content=\"index, follow, max-snippet:-1, max-image-preview:large, max-video-preview:-1\" \/>\n<link rel=\"canonical\" href=\"https:\/\/spirainnovation.com\/vie-privee-et-conditions-dutilisation\/\" \/>\n<meta property=\"og:locale\" content=\"en_US\" \/>\n<meta property=\"og:type\" content=\"article\" \/>\n<meta property=\"og:title\" content=\"Privacy and terms of use - Spira\" \/>\n<meta property=\"og:description\" content=\"Spira Innovation d\u00e9veloppe des appareils de d\u00e9tection de compos\u00e9s organiques volatils pour la d\u00e9tection pr\u00e9coce des cancers et des appareils de protection respiratoire (PAPR) qui \u00e9liminent totalement les pathog\u00e8nes, comme le SRAS-CoV-2, le coronavirus responsable de la maladie Covid-19.\" \/>\n<meta property=\"og:url\" content=\"https:\/\/spirainnovation.com\/vie-privee-et-conditions-dutilisation\/\" \/>\n<meta property=\"og:site_name\" content=\"Spira\" \/>\n<meta property=\"article:modified_time\" content=\"2021-05-05T16:40:59+00:00\" \/>\n<meta property=\"og:image\" content=\"https:\/\/spirainnovation.com\/wp-content\/uploads\/2021\/05\/Spira_SiteWeb_Partage_1.jpg\" \/>\n\t<meta property=\"og:image:width\" content=\"1200\" \/>\n\t<meta property=\"og:image:height\" content=\"630\" \/>\n\t<meta property=\"og:image:type\" content=\"image\/jpeg\" \/>\n<meta name=\"twitter:card\" content=\"summary_large_image\" \/>\n<meta name=\"twitter:label1\" content=\"Est. reading time\" \/>\n\t<meta name=\"twitter:data1\" content=\"2 minutes\" \/>\n<script type=\"application\/ld+json\" class=\"yoast-schema-graph\">{\"@context\":\"https:\/\/schema.org\",\"@graph\":[{\"@type\":\"WebPage\",\"@id\":\"https:\/\/spirainnovation.com\/vie-privee-et-conditions-dutilisation\/\",\"url\":\"https:\/\/spirainnovation.com\/vie-privee-et-conditions-dutilisation\/\",\"name\":\"Privacy and terms of use - Spira\",\"isPartOf\":{\"@id\":\"https:\/\/spirainnovation.com\/#website\"},\"datePublished\":\"2021-04-22T13:46:42+00:00\",\"dateModified\":\"2021-05-05T16:40:59+00:00\",\"description\":\"Spira Innovation d\u00e9veloppe des appareils de d\u00e9tection de compos\u00e9s organiques volatils pour la d\u00e9tection pr\u00e9coce des cancers et des appareils de protection respiratoire (PAPR) qui \u00e9liminent totalement les pathog\u00e8nes, comme le SRAS-CoV-2, le coronavirus responsable de la maladie Covid-19.\",\"breadcrumb\":{\"@id\":\"https:\/\/spirainnovation.com\/vie-privee-et-conditions-dutilisation\/#breadcrumb\"},\"inLanguage\":\"en-US\",\"potentialAction\":[{\"@type\":\"ReadAction\",\"target\":[\"https:\/\/spirainnovation.com\/vie-privee-et-conditions-dutilisation\/\"]}]},{\"@type\":\"BreadcrumbList\",\"@id\":\"https:\/\/spirainnovation.com\/vie-privee-et-conditions-dutilisation\/#breadcrumb\",\"itemListElement\":[{\"@type\":\"ListItem\",\"position\":1,\"name\":\"Home\",\"item\":\"https:\/\/spirainnovation.com\/en\/\"},{\"@type\":\"ListItem\",\"position\":2,\"name\":\"Privacy and terms of use\"}]},{\"@type\":\"WebSite\",\"@id\":\"https:\/\/spirainnovation.com\/#website\",\"url\":\"https:\/\/spirainnovation.com\/\",\"name\":\"Spira\",\"description\":\"Inspiring the future\",\"publisher\":{\"@id\":\"https:\/\/spirainnovation.com\/#organization\"},\"potentialAction\":[{\"@type\":\"SearchAction\",\"target\":{\"@type\":\"EntryPoint\",\"urlTemplate\":\"https:\/\/spirainnovation.com\/?s={search_term_string}\"},\"query-input\":{\"@type\":\"PropertyValueSpecification\",\"valueRequired\":true,\"valueName\":\"search_term_string\"}}],\"inLanguage\":\"en-US\"},{\"@type\":\"Organization\",\"@id\":\"https:\/\/spirainnovation.com\/#organization\",\"name\":\"Spira Innovation\",\"url\":\"https:\/\/spirainnovation.com\/\",\"logo\":{\"@type\":\"ImageObject\",\"inLanguage\":\"en-US\",\"@id\":\"https:\/\/spirainnovation.com\/#\/schema\/logo\/image\/\",\"url\":\"https:\/\/spirainnovation.com\/wp-content\/uploads\/2021\/05\/logo.svg\",\"contentUrl\":\"https:\/\/spirainnovation.com\/wp-content\/uploads\/2021\/05\/logo.svg\",\"width\":1,\"height\":1,\"caption\":\"Spira Innovation\"},\"image\":{\"@id\":\"https:\/\/spirainnovation.com\/#\/schema\/logo\/image\/\"},\"sameAs\":[\"https:\/\/www.linkedin.com\/company\/spira-innovation\/\"]}]}<\/script>\n<!-- \/ Yoast SEO plugin. -->","yoast_head_json":{"title":"Privacy and terms of use - Spira","description":"Spira Innovation d\u00e9veloppe des appareils de d\u00e9tection de compos\u00e9s organiques volatils pour la d\u00e9tection pr\u00e9coce des cancers et des appareils de protection respiratoire (PAPR) qui \u00e9liminent totalement les pathog\u00e8nes, comme le SRAS-CoV-2, le coronavirus responsable de la maladie Covid-19.","robots":{"index":"index","follow":"follow","max-snippet":"max-snippet:-1","max-image-preview":"max-image-preview:large","max-video-preview":"max-video-preview:-1"},"canonical":"https:\/\/spirainnovation.com\/vie-privee-et-conditions-dutilisation\/","og_locale":"en_US","og_type":"article","og_title":"Privacy and terms of use - Spira","og_description":"Spira Innovation d\u00e9veloppe des appareils de d\u00e9tection de compos\u00e9s organiques volatils pour la d\u00e9tection pr\u00e9coce des cancers et des appareils de protection respiratoire (PAPR) qui \u00e9liminent totalement les pathog\u00e8nes, comme le SRAS-CoV-2, le coronavirus responsable de la maladie Covid-19.","og_url":"https:\/\/spirainnovation.com\/vie-privee-et-conditions-dutilisation\/","og_site_name":"Spira","article_modified_time":"2021-05-05T16:40:59+00:00","og_image":[{"width":1200,"height":630,"url":"https:\/\/spirainnovation.com\/wp-content\/uploads\/2021\/05\/Spira_SiteWeb_Partage_1.jpg","type":"image\/jpeg"}],"twitter_card":"summary_large_image","twitter_misc":{"Est. reading time":"2 minutes"},"schema":{"@context":"https:\/\/schema.org","@graph":[{"@type":"WebPage","@id":"https:\/\/spirainnovation.com\/vie-privee-et-conditions-dutilisation\/","url":"https:\/\/spirainnovation.com\/vie-privee-et-conditions-dutilisation\/","name":"Privacy and terms of use - Spira","isPartOf":{"@id":"https:\/\/spirainnovation.com\/#website"},"datePublished":"2021-04-22T13:46:42+00:00","dateModified":"2021-05-05T16:40:59+00:00","description":"Spira Innovation d\u00e9veloppe des appareils de d\u00e9tection de compos\u00e9s organiques volatils pour la d\u00e9tection pr\u00e9coce des cancers et des appareils de protection respiratoire (PAPR) qui \u00e9liminent totalement les pathog\u00e8nes, comme le SRAS-CoV-2, le coronavirus responsable de la maladie Covid-19.","breadcrumb":{"@id":"https:\/\/spirainnovation.com\/vie-privee-et-conditions-dutilisation\/#breadcrumb"},"inLanguage":"en-US","potentialAction":[{"@type":"ReadAction","target":["https:\/\/spirainnovation.com\/vie-privee-et-conditions-dutilisation\/"]}]},{"@type":"BreadcrumbList","@id":"https:\/\/spirainnovation.com\/vie-privee-et-conditions-dutilisation\/#breadcrumb","itemListElement":[{"@type":"ListItem","position":1,"name":"Home","item":"https:\/\/spirainnovation.com\/en\/"},{"@type":"ListItem","position":2,"name":"Privacy and terms of use"}]},{"@type":"WebSite","@id":"https:\/\/spirainnovation.com\/#website","url":"https:\/\/spirainnovation.com\/","name":"Spira","description":"Inspiring the future","publisher":{"@id":"https:\/\/spirainnovation.com\/#organization"},"potentialAction":[{"@type":"SearchAction","target":{"@type":"EntryPoint","urlTemplate":"https:\/\/spirainnovation.com\/?s={search_term_string}"},"query-input":{"@type":"PropertyValueSpecification","valueRequired":true,"valueName":"search_term_string"}}],"inLanguage":"en-US"},{"@type":"Organization","@id":"https:\/\/spirainnovation.com\/#organization","name":"Spira Innovation","url":"https:\/\/spirainnovation.com\/","logo":{"@type":"ImageObject","inLanguage":"en-US","@id":"https:\/\/spirainnovation.com\/#\/schema\/logo\/image\/","url":"https:\/\/spirainnovation.com\/wp-content\/uploads\/2021\/05\/logo.svg","contentUrl":"https:\/\/spirainnovation.com\/wp-content\/uploads\/2021\/05\/logo.svg","width":1,"height":1,"caption":"Spira Innovation"},"image":{"@id":"https:\/\/spirainnovation.com\/#\/schema\/logo\/image\/"},"sameAs":["https:\/\/www.linkedin.com\/company\/spira-innovation\/"]}]}},"_links":{"self":[{"href":"https:\/\/spirainnovation.com\/en\/wp-json\/wp\/v2\/pages\/611"}],"collection":[{"href":"https:\/\/spirainnovation.com\/en\/wp-json\/wp\/v2\/pages"}],"about":[{"href":"https:\/\/spirainnovation.com\/en\/wp-json\/wp\/v2\/types\/page"}],"author":[{"embeddable":true,"href":"https:\/\/spirainnovation.com\/en\/wp-json\/wp\/v2\/users\/1"}],"replies":[{"embeddable":true,"href":"https:\/\/spirainnovation.com\/en\/wp-json\/wp\/v2\/comments?post=611"}],"version-history":[{"count":5,"href":"https:\/\/spirainnovation.com\/en\/wp-json\/wp\/v2\/pages\/611\/revisions"}],"predecessor-version":[{"id":726,"href":"https:\/\/spirainnovation.com\/en\/wp-json\/wp\/v2\/pages\/611\/revisions\/726"}],"wp:attachment":[{"href":"https:\/\/spirainnovation.com\/en\/wp-json\/wp\/v2\/media?parent=611"}],"curies":[{"name":"wp","href":"https:\/\/api.w.org\/{rel}","templated":true}]}}