{"id":203,"date":"2021-03-16T15:59:29","date_gmt":"2021-03-16T15:59:29","guid":{"rendered":"https:\/\/spirainnovation.com\/?page_id=203"},"modified":"2021-05-12T15:05:18","modified_gmt":"2021-05-12T15:05:18","slug":"our-company","status":"publish","type":"page","link":"https:\/\/spirainnovation.com\/en\/our-company\/","title":{"rendered":"Our company"},"content":{"rendered":"<div class=\"bk-hero full-height h-arrow white \" style=\"background-color:#91FBF2; background-image: url(https:\/\/spirainnovation.com\/wp-content\/uploads\/2021\/05\/Spira_Entreprise_Header-1.jpg)\">\r\n    <div class=\"wrapper \">\r\n                                <h1>Our company<\/h1>                        <div class=\"side-content\">At Spira Innovation, we develop air analysis and treatment systems to protect lives. Every day, we innovate to develop, build and improve devices that can detect early cancer in the breath, as well as respiratory protection devices that destroy pathogens.<\/div>                        <\/div>\r\n<\/div>\n\n<div class=\"bk-offset-text \">\r\n    <div class=\"wrapper-s\">\r\n        <h2>Making History<\/h2>        <div class=\"content\">\r\n            <p>Founded in 2019 by inventor and serial designer Yves Gamache and engineer Andr\u00e9 Lamontagne, Spira Innovation was born from a series of discoveries and innovations originating at other companies launched by Yves Gamache. The Spira Innovation team includes researchers and designers with over 30 years of experience in airborne gas analysis and filtration. Spira Innovation owns four international patents for its revolutionary products.<\/p>\n<p>Since the 1990s, Yves Gamache and his long-time partner, Andr\u00e9 Fortier, have successfully launched four companies, generating over $250 million in sales and employing over 100 people in Quebec. The origin of this success story can be traced Yves Gamache\u2019s invention of the K2000, the world\u2019s first plasma emission detector, and still an industry reference 30 years later. Mr. Gamache alone has obtained 166 patents throughout his career, and the products and technologies designed by his teams through the years are now used in major organizations such as Samsung, Intel, ABB, Siemens, BP, NASA and CERN.<\/p>\n        <\/div>\r\n    <\/div>        \r\n<\/div>\n\n<div class=\"bk-content pt0 \">\r\n    <div class=\"wrapper-s\">\r\n        <p><img loading=\"lazy\" decoding=\"async\" class=\"alignnone size-full wp-image-795\" src=\"https:\/\/spirainnovation.com\/wp-content\/uploads\/2021\/05\/2a9d5bfff928a489e79583f389bee121-1.jpg\" alt=\"\" width=\"2048\" height=\"920\" srcset=\"https:\/\/spirainnovation.com\/wp-content\/uploads\/2021\/05\/2a9d5bfff928a489e79583f389bee121-1.jpg 2048w, https:\/\/spirainnovation.com\/wp-content\/uploads\/2021\/05\/2a9d5bfff928a489e79583f389bee121-1-300x135.jpg 300w, https:\/\/spirainnovation.com\/wp-content\/uploads\/2021\/05\/2a9d5bfff928a489e79583f389bee121-1-1024x460.jpg 1024w, https:\/\/spirainnovation.com\/wp-content\/uploads\/2021\/05\/2a9d5bfff928a489e79583f389bee121-1-768x345.jpg 768w, https:\/\/spirainnovation.com\/wp-content\/uploads\/2021\/05\/2a9d5bfff928a489e79583f389bee121-1-1536x690.jpg 1536w\" sizes=\"(max-width: 2048px) 100vw, 2048px\" \/><\/p>\n    <\/div>\r\n<\/div>\n\n<div class=\"bk-offset-text pt0\">\r\n    <div class=\"wrapper-s\">\r\n        <h2>Inspiring the Future<\/h2>        <div class=\"content\">\r\n            <p>Through constant research and innovation, Spira Innovation aims to become a leader in analyzing gas biomarkers in the air we exhale and decontaminating breathable air. The Spira Innovation logo design \u2013 with dots above and below the letter \u201ci\u201d \u2013 reflects what we do every day: looking at new angles to find solutions in essential areas such as air quality and early cancer detection. Our purpose is to protect lives so we can all aspire to a better future.<\/p>\n<p>Spira Innovation is a wholly Canadian private company based in Thetford, Quebec, with operations around the world, including offices in Germany, China and the United States.<\/p>\n        <\/div>\r\n    <\/div>        \r\n<\/div>\n\n<div class=\"bk-info-portfolio \">\r\n    <div class=\"wrapper-s\">\r\n        <h2>A Growing International Patent Portfolio<\/h2>        <div class=\"info-container\">\r\n                            <div class=\"graphic\"><div class=\"medal\"><img decoding=\"async\" src=\"\/wp-content\/themes\/spira\/dist\/img\/medal.svg\" \/><br \/>\n<img decoding=\"async\" src=\"\/wp-content\/themes\/spira\/dist\/img\/medal.svg\" \/><br \/>\n<img decoding=\"async\" src=\"\/wp-content\/themes\/spira\/dist\/img\/medal.svg\" \/><\/div>\n<p><span class=\"tt\">3 air filtration patents:<\/span><\/p>\n<div class=\"grid\">\n<p>Air treatment devices to protect users as they inhale and exhale<\/p>\n<p>Portable air treatment devices to protect users as they inhale and exhale<\/p>\n<\/div>\n<\/div>\r\n                            <div class=\"graphic\"><div class=\"medal\"><img decoding=\"async\" src=\"\/wp-content\/themes\/spira\/dist\/img\/medal.svg\" \/><\/div>\n<p><span class=\"tt\">1 cancer detection patent:<\/span><\/p>\n<p>Analytical method measuring volatile organic compounds (VOCs) in exhaled air, used for early cancer detection<\/p>\n<\/div>\r\n                    <\/div>\r\n        <a href=\"http:\/\/spirainnovation.com\/en\/technologies\/\" target=\"\" class=\"btn white\">Discover Our Technologies<\/a> \r\n    <\/div>\r\n<\/div>\n\n<div class=\"bk-values \">\r\n    <div class=\"wrapper-s\">\r\n        <h2>Our values<\/h2>    <\/div>\r\n    <div class=\"infographic\">\r\n                <ul>\r\n                            <li>Innovation<\/li>\r\n                            <li>Quality<\/li>\r\n                            <li>Integrity<\/li>\r\n                            <li>Determination<\/li>\r\n                    <\/ul>\r\n        <ul>\r\n                            <li>Innovation<\/li>\r\n                            <li>Quality<\/li>\r\n                            <li>Integrity<\/li>\r\n                            <li>Determination<\/li>\r\n                    <\/ul>\r\n        <ul>\r\n                            <li>Innovation<\/li>\r\n                            <li>Quality<\/li>\r\n                            <li>Integrity<\/li>\r\n                            <li>Determination<\/li>\r\n                    <\/ul>\r\n            <\/div>\r\n<\/div>\n\n<div class=\"bk-team \">\r\n    <div class=\"wrapper-s\">\r\n        <h2>Our Management Team<\/h2>                    <div class=\"image-text \">\r\n                <div class=\"image\"><img decoding=\"async\" src=\"https:\/\/spirainnovation.com\/wp-content\/uploads\/2021\/05\/Spira_Entreprise_YvesGamache-1.jpg\"><\/div>                \r\n                <div class=\"text\"><h3>Yves Gamache<\/h3>\n<p><strong>Chairman &amp; Chief Innovation Officer<\/strong><\/p>\n<p>Yves Gamache has a long-standing passion for instrumentation, automation and analytical process control. In a career devoted to technological development and enhancement, he has become a world-renowned expert and pioneer in gas chromatography.<\/p>\n<p>With over 40 years of experience in cutting-edge technology, he has written 166 distinct patents dealing with some 30 different topics. His key accomplishments include developing the first plasma emission detector (PED) to become a worldwide industry standard in the field of air separation, used for measuring argon purity. This technology is currently being applied to protect magnets in the large hadron collider in Switzerland.<\/p>\n<\/div>            <\/div>\r\n                    <div class=\"image-text right\">\r\n                <div class=\"image\"><img decoding=\"async\" src=\"https:\/\/spirainnovation.com\/wp-content\/uploads\/2021\/05\/Spira_Entreprise_Andre\u0301Lamontagne-1.jpg\"><\/div>                \r\n                <div class=\"text\"><h3>ANDR\u00c9 LAMONTAGNE, ING., EMBA<\/h3>\n<p><strong>President<\/strong><\/p>\n<p>As a seasoned business leader, Andr\u00e9 Lamontagne is known for his ability to implement innovative strategies by combining his analytical skills and business acumen. With 20 years of experience in analytics, Mr. Lamontagne is an expert in gas chromatography. In 2014, he was one of only 100 people admitted to the Harvard Business School EMBA, out of 800 applicants.<\/p>\n<p>In addition to his extensive international management background, he is the author of four patents in the field of gas analysis, and four more in the healthcare area. He co-founded Spira Innovation after heading the R&amp;D operations at Contr\u00f4le Analytique and Servomex.<\/p>\n<\/div>            <\/div>\r\n            <\/div>\r\n<\/div>\n\n<div class=\"bk-conseil pt0\">\r\n    <div class=\"wrapper-s\">\r\n        <h2>Advisory Committee<\/h2>        <p class=\"short\">We are advised by a multidisciplinary team of seasoned experts, recognized worldwide in gas-phase analysis and innovative technology development. Throughout their careers, they have developed products and technologies aimed at meeting specific needs in various fields, including semiconductors, medicine and individual respiratory protection. These solutions are used by several international organizations, including Samsung, Intel, ABB, Siemens, BP, NASA and CERN.\r\n<\/p>                    <div class=\"image-text lv1\">\r\n                <div class=\"image\"><img decoding=\"async\" src=\"https:\/\/spirainnovation.com\/wp-content\/uploads\/2021\/05\/Spira_Entreprise_AlexandraAllard-Coutu-1.jpg\"><\/div>                \r\n                <div class=\"text\"><h3>DR. ALEXANDRA ALLARD-COUTU<\/h3>\n<p>Head of clinical trials at Spira Innovation, Dr. Alexandra Allard-Coutu has a Bachelor\u2019s Degree in Microbiology &amp; Immunology, as well as a Master\u2019s in Surgery from McGill University. As part of the Excellence in Immunology Research Program, she has acquired medical and scientific knowledge that helps bridge the gap between our business innovation and the medical applications of the products we develop.<\/p>\n<\/div>            <\/div>\r\n                    <div class=\"image-text lv2\">\r\n                <div class=\"image\"><img decoding=\"async\" src=\"https:\/\/spirainnovation.com\/wp-content\/uploads\/2021\/05\/Spira_Entreprise_JeanFortier-1.jpg\"><\/div>                \r\n                <div class=\"text\"><h3>JEAN FORTIER<i>CPA \/ CA<\/i><\/h3>\n<p>Jean Fortier is a Public Accountant and Senior Partner in a major international accounting firm. On a personal basis, he has been advising Spira Innovation and its affiliates for over 15 years in areas such as business, finance, taxation, direct grants, and mergers &amp; acquisitions.<\/p>\n<\/div>            <\/div>\r\n                    <div class=\"image-text lv3\">\r\n                <div class=\"image\"><img decoding=\"async\" src=\"https:\/\/spirainnovation.com\/wp-content\/uploads\/2021\/05\/Spira_Entreprise_DarioPietrantonio-1.jpg\"><\/div>                \r\n                <div class=\"text\"><h3>Dario pietrantonio<\/h3>\n<p>Mr. Pietrantonio is a partner at the law firm Robic, LLP, specializing in business law, technology law and intellectual property. In 2019 and 2020, he was recognized by his peers in the Best Lawyers of Canada directory, in the Technology Law category. His work for us consists mainly in providing assistance in obtaining international patents.<\/p>\n<\/div>            <\/div>\r\n            <\/div>\r\n<\/div>","protected":false},"excerpt":{"rendered":"","protected":false},"author":1,"featured_media":0,"parent":0,"menu_order":0,"comment_status":"closed","ping_status":"closed","template":"","meta":{"footnotes":""},"class_list":["post-203","page","type-page","status-publish","hentry"],"yoast_head":"<!-- This site is optimized with the Yoast SEO plugin v23.4 - https:\/\/yoast.com\/wordpress\/plugins\/seo\/ -->\n<title>Our company - Spira<\/title>\n<meta name=\"description\" content=\"Spira Innovation d\u00e9veloppe des appareils de d\u00e9tection de compos\u00e9s organiques volatils pour la d\u00e9tection pr\u00e9coce des cancers et des appareils de protection respiratoire (PAPR) qui \u00e9liminent totalement les pathog\u00e8nes, comme le SRAS-CoV-2, le coronavirus responsable de la maladie Covid-19.\" \/>\n<meta name=\"robots\" content=\"index, follow, max-snippet:-1, max-image-preview:large, max-video-preview:-1\" \/>\n<link rel=\"canonical\" href=\"https:\/\/spirainnovation.com\/entreprise\/\" \/>\n<meta property=\"og:locale\" content=\"en_US\" \/>\n<meta property=\"og:type\" content=\"article\" \/>\n<meta property=\"og:title\" content=\"Our company - Spira\" \/>\n<meta property=\"og:description\" content=\"Spira Innovation d\u00e9veloppe des appareils de d\u00e9tection de compos\u00e9s organiques volatils pour la d\u00e9tection pr\u00e9coce des cancers et des appareils de protection respiratoire (PAPR) qui \u00e9liminent totalement les pathog\u00e8nes, comme le SRAS-CoV-2, le coronavirus responsable de la maladie Covid-19.\" \/>\n<meta property=\"og:url\" content=\"https:\/\/spirainnovation.com\/entreprise\/\" \/>\n<meta property=\"og:site_name\" content=\"Spira\" \/>\n<meta property=\"article:modified_time\" content=\"2021-05-12T15:05:18+00:00\" \/>\n<meta property=\"og:image\" content=\"https:\/\/spirainnovation.com\/wp-content\/uploads\/2021\/05\/Spira_SiteWeb_Partage_1.jpg\" \/>\n\t<meta property=\"og:image:width\" content=\"1200\" \/>\n\t<meta property=\"og:image:height\" content=\"630\" \/>\n\t<meta property=\"og:image:type\" content=\"image\/jpeg\" \/>\n<meta name=\"twitter:card\" content=\"summary_large_image\" \/>\n<script type=\"application\/ld+json\" class=\"yoast-schema-graph\">{\"@context\":\"https:\/\/schema.org\",\"@graph\":[{\"@type\":\"WebPage\",\"@id\":\"https:\/\/spirainnovation.com\/entreprise\/\",\"url\":\"https:\/\/spirainnovation.com\/entreprise\/\",\"name\":\"Our company - Spira\",\"isPartOf\":{\"@id\":\"https:\/\/spirainnovation.com\/#website\"},\"datePublished\":\"2021-03-16T15:59:29+00:00\",\"dateModified\":\"2021-05-12T15:05:18+00:00\",\"description\":\"Spira Innovation d\u00e9veloppe des appareils de d\u00e9tection de compos\u00e9s organiques volatils pour la d\u00e9tection pr\u00e9coce des cancers et des appareils de protection respiratoire (PAPR) qui \u00e9liminent totalement les pathog\u00e8nes, comme le SRAS-CoV-2, le coronavirus responsable de la maladie Covid-19.\",\"breadcrumb\":{\"@id\":\"https:\/\/spirainnovation.com\/entreprise\/#breadcrumb\"},\"inLanguage\":\"en-US\",\"potentialAction\":[{\"@type\":\"ReadAction\",\"target\":[\"https:\/\/spirainnovation.com\/entreprise\/\"]}]},{\"@type\":\"BreadcrumbList\",\"@id\":\"https:\/\/spirainnovation.com\/entreprise\/#breadcrumb\",\"itemListElement\":[{\"@type\":\"ListItem\",\"position\":1,\"name\":\"Home\",\"item\":\"https:\/\/spirainnovation.com\/en\/\"},{\"@type\":\"ListItem\",\"position\":2,\"name\":\"Our company\"}]},{\"@type\":\"WebSite\",\"@id\":\"https:\/\/spirainnovation.com\/#website\",\"url\":\"https:\/\/spirainnovation.com\/\",\"name\":\"Spira\",\"description\":\"Inspiring the future\",\"publisher\":{\"@id\":\"https:\/\/spirainnovation.com\/#organization\"},\"potentialAction\":[{\"@type\":\"SearchAction\",\"target\":{\"@type\":\"EntryPoint\",\"urlTemplate\":\"https:\/\/spirainnovation.com\/?s={search_term_string}\"},\"query-input\":{\"@type\":\"PropertyValueSpecification\",\"valueRequired\":true,\"valueName\":\"search_term_string\"}}],\"inLanguage\":\"en-US\"},{\"@type\":\"Organization\",\"@id\":\"https:\/\/spirainnovation.com\/#organization\",\"name\":\"Spira Innovation\",\"url\":\"https:\/\/spirainnovation.com\/\",\"logo\":{\"@type\":\"ImageObject\",\"inLanguage\":\"en-US\",\"@id\":\"https:\/\/spirainnovation.com\/#\/schema\/logo\/image\/\",\"url\":\"https:\/\/spirainnovation.com\/wp-content\/uploads\/2021\/05\/logo.svg\",\"contentUrl\":\"https:\/\/spirainnovation.com\/wp-content\/uploads\/2021\/05\/logo.svg\",\"width\":1,\"height\":1,\"caption\":\"Spira Innovation\"},\"image\":{\"@id\":\"https:\/\/spirainnovation.com\/#\/schema\/logo\/image\/\"},\"sameAs\":[\"https:\/\/www.linkedin.com\/company\/spira-innovation\/\"]}]}<\/script>\n<!-- \/ Yoast SEO plugin. -->","yoast_head_json":{"title":"Our company - Spira","description":"Spira Innovation d\u00e9veloppe des appareils de d\u00e9tection de compos\u00e9s organiques volatils pour la d\u00e9tection pr\u00e9coce des cancers et des appareils de protection respiratoire (PAPR) qui \u00e9liminent totalement les pathog\u00e8nes, comme le SRAS-CoV-2, le coronavirus responsable de la maladie Covid-19.","robots":{"index":"index","follow":"follow","max-snippet":"max-snippet:-1","max-image-preview":"max-image-preview:large","max-video-preview":"max-video-preview:-1"},"canonical":"https:\/\/spirainnovation.com\/entreprise\/","og_locale":"en_US","og_type":"article","og_title":"Our company - Spira","og_description":"Spira Innovation d\u00e9veloppe des appareils de d\u00e9tection de compos\u00e9s organiques volatils pour la d\u00e9tection pr\u00e9coce des cancers et des appareils de protection respiratoire (PAPR) qui \u00e9liminent totalement les pathog\u00e8nes, comme le SRAS-CoV-2, le coronavirus responsable de la maladie Covid-19.","og_url":"https:\/\/spirainnovation.com\/entreprise\/","og_site_name":"Spira","article_modified_time":"2021-05-12T15:05:18+00:00","og_image":[{"width":1200,"height":630,"url":"https:\/\/spirainnovation.com\/wp-content\/uploads\/2021\/05\/Spira_SiteWeb_Partage_1.jpg","type":"image\/jpeg"}],"twitter_card":"summary_large_image","schema":{"@context":"https:\/\/schema.org","@graph":[{"@type":"WebPage","@id":"https:\/\/spirainnovation.com\/entreprise\/","url":"https:\/\/spirainnovation.com\/entreprise\/","name":"Our company - Spira","isPartOf":{"@id":"https:\/\/spirainnovation.com\/#website"},"datePublished":"2021-03-16T15:59:29+00:00","dateModified":"2021-05-12T15:05:18+00:00","description":"Spira Innovation d\u00e9veloppe des appareils de d\u00e9tection de compos\u00e9s organiques volatils pour la d\u00e9tection pr\u00e9coce des cancers et des appareils de protection respiratoire (PAPR) qui \u00e9liminent totalement les pathog\u00e8nes, comme le SRAS-CoV-2, le coronavirus responsable de la maladie Covid-19.","breadcrumb":{"@id":"https:\/\/spirainnovation.com\/entreprise\/#breadcrumb"},"inLanguage":"en-US","potentialAction":[{"@type":"ReadAction","target":["https:\/\/spirainnovation.com\/entreprise\/"]}]},{"@type":"BreadcrumbList","@id":"https:\/\/spirainnovation.com\/entreprise\/#breadcrumb","itemListElement":[{"@type":"ListItem","position":1,"name":"Home","item":"https:\/\/spirainnovation.com\/en\/"},{"@type":"ListItem","position":2,"name":"Our company"}]},{"@type":"WebSite","@id":"https:\/\/spirainnovation.com\/#website","url":"https:\/\/spirainnovation.com\/","name":"Spira","description":"Inspiring the future","publisher":{"@id":"https:\/\/spirainnovation.com\/#organization"},"potentialAction":[{"@type":"SearchAction","target":{"@type":"EntryPoint","urlTemplate":"https:\/\/spirainnovation.com\/?s={search_term_string}"},"query-input":{"@type":"PropertyValueSpecification","valueRequired":true,"valueName":"search_term_string"}}],"inLanguage":"en-US"},{"@type":"Organization","@id":"https:\/\/spirainnovation.com\/#organization","name":"Spira Innovation","url":"https:\/\/spirainnovation.com\/","logo":{"@type":"ImageObject","inLanguage":"en-US","@id":"https:\/\/spirainnovation.com\/#\/schema\/logo\/image\/","url":"https:\/\/spirainnovation.com\/wp-content\/uploads\/2021\/05\/logo.svg","contentUrl":"https:\/\/spirainnovation.com\/wp-content\/uploads\/2021\/05\/logo.svg","width":1,"height":1,"caption":"Spira Innovation"},"image":{"@id":"https:\/\/spirainnovation.com\/#\/schema\/logo\/image\/"},"sameAs":["https:\/\/www.linkedin.com\/company\/spira-innovation\/"]}]}},"_links":{"self":[{"href":"https:\/\/spirainnovation.com\/en\/wp-json\/wp\/v2\/pages\/203"}],"collection":[{"href":"https:\/\/spirainnovation.com\/en\/wp-json\/wp\/v2\/pages"}],"about":[{"href":"https:\/\/spirainnovation.com\/en\/wp-json\/wp\/v2\/types\/page"}],"author":[{"embeddable":true,"href":"https:\/\/spirainnovation.com\/en\/wp-json\/wp\/v2\/users\/1"}],"replies":[{"embeddable":true,"href":"https:\/\/spirainnovation.com\/en\/wp-json\/wp\/v2\/comments?post=203"}],"version-history":[{"count":37,"href":"https:\/\/spirainnovation.com\/en\/wp-json\/wp\/v2\/pages\/203\/revisions"}],"predecessor-version":[{"id":1007,"href":"https:\/\/spirainnovation.com\/en\/wp-json\/wp\/v2\/pages\/203\/revisions\/1007"}],"wp:attachment":[{"href":"https:\/\/spirainnovation.com\/en\/wp-json\/wp\/v2\/media?parent=203"}],"curies":[{"name":"wp","href":"https:\/\/api.w.org\/{rel}","templated":true}]}}