{"id":201,"date":"2021-03-20T21:06:38","date_gmt":"2021-03-20T21:06:38","guid":{"rendered":"https:\/\/spirainnovation.com\/?page_id=201"},"modified":"2021-06-23T16:13:32","modified_gmt":"2021-06-23T16:13:32","slug":"home","status":"publish","type":"page","link":"https:\/\/spirainnovation.com\/en\/","title":{"rendered":"Home"},"content":{"rendered":"<div class=\"bk-hero full-height h-arrow  \" style=\"background-color:#91FBF2; background-image: url(https:\/\/spirainnovation.com\/wp-content\/uploads\/2021\/05\/496ba1d1dbae2bdce9a37e66c97f0bcc.jpg)\">\r\n    <div class=\"wrapper \">\r\n                    <span class=\"sup\">THE THERMASAFE DEVICE<\/span>            <h1>The only PAPR that eliminates ALL pathogens.<\/h1>                                    <a href=\"https:\/\/spirainnovation.com\/en\/produits\/thermasafe\/\" target=\"\" class=\"btn\">Discover Our Models<\/a>            <\/div>\r\n<\/div>\n\n<div class=\"bk-txt-cta-black \">\r\n    <div class=\"wrapper-ss\">\r\n\t\t<h2><span class=\"cl-primary\" style=\"color: #32ebdc;\">Inspiring<\/span>\u00a0the Future<\/h2>\n<p>At Spira Innovation, we develop air analysis and treatment systems to protect lives. <\/p>\n<a href=\"https:\/\/spirainnovation.com\/en\/our-company\/\" target=\"\" class=\"btn white\">Our Company<\/a>    <\/div>\r\n<\/div>\n\n<div class=\"bk-info-protection \">\r\n    <div class=\"wrapper-ss\">\r\n        <h2>One Device \u2013 Twice the Protection<\/h2>        <div class=\"info-container\">\r\n                            <div class=\"graphic\"><p><img loading=\"lazy\" decoding=\"async\" class=\"alignnone size-medium wp-image-91\" src=\"http:\/\/spirainnovation.com\/wp-content\/uploads\/2021\/03\/line.svg\" alt=\"\" width=\"1\" height=\"1\" \/><\/p>\n<p>By heating the filter, our thermal reactor destroys 99.9999999% of pathogens.<\/p>\n<\/div>\r\n                            <div class=\"graphic\"><p><i class=\"icon icon-plus\"><span>&nbsp;<\/span><\/i><\/p>\n<\/div>\r\n                            <div class=\"graphic\"><p><img loading=\"lazy\" decoding=\"async\" class=\"alignnone size-medium wp-image-89\" src=\"http:\/\/spirainnovation.com\/wp-content\/uploads\/2021\/03\/filter.svg\" alt=\"\" width=\"1\" height=\"1\" \/><\/p>\n<p>Our stainless-steel filter traps particles up to 40 times smaller than the <nobr>SRAS-CoV-2<\/nobr> virus.<\/p>\n<\/div>\r\n                        <!-- <div class=\"graphic\"><i class=\"icon icon-plus\"><\/i><\/div> -->\r\n        <\/div>\r\n\t\t<a href=\"http:\/\/spirainnovation.com\/en\/technologies\/thermasafe\/\" target=\"\" class=\"btn\">See the Technology<\/a>        \r\n    <\/div>\r\n<\/div>\n\n<div class=\"bk-video-text \">\r\n    <div class=\"wrapper-s\">\r\n        <h2>Innovation Is in the Air<\/h2>        <div class=\"info-container\">\r\n                        \r\n            <div class=\"graphic \">\r\n            <a ><img decoding=\"async\" src=\"https:\/\/spirainnovation.com\/wp-content\/uploads\/2021\/05\/f0f9e6c9372f181ab03f338980927249-1-500x265.jpg\"><\/a>            <\/div>\r\n            <div class=\"text\">\r\n                <p>Our researchers\u2019 main focus is to find innovative solutions to protect people.<\/p>\n<p>Our research started with the goal of developing an early diagnosis device that could detect cancer in human breath. What we also found was a revolutionary process to purify the air we inhale and exhale. From gas molecule analysis to safe elimination of undesirable components (such as airborne pathogens), we see innovation as a live-saving tool.<\/p>\n            <\/div>\r\n        <\/div>\r\n\t\t<a href=\"https:\/\/spirainnovation.com\/en\/our-company\/\" target=\"\" class=\"btn\">Our History<\/a>         \r\n    <\/div>\r\n<\/div>\n\n<div class=\"bk-home-development\"  style=\"background-image: url(https:\/\/spirainnovation.com\/wp-content\/uploads\/2021\/05\/Spira_Accueil_SpiraBiopsy-1.jpg)\">\r\n    <div class=\"wrapper-s clearfix\">\r\n        <span class=\"sup-title\">In Development<\/span>        <h2>Early Cancer Detection Through Breath.<\/h2>        <div class=\"content\">\r\n            <p>Our early cancer detection device, called SpiraBiopsy, checks patients\u2019 breath in search of volatile organic compounds (VOCs). These could indicate metabolic disorders, such as various cancers, even before the first symptoms appear. <\/p>\n<a href=\"http:\/\/spirainnovation.com\/en\/technologies\/spirabiopsy\/\" target=\"\" class=\"btn\">Learn more<\/a>             \r\n        <\/div>\r\n    <\/div>\r\n<\/div>","protected":false},"excerpt":{"rendered":"","protected":false},"author":1,"featured_media":0,"parent":0,"menu_order":0,"comment_status":"closed","ping_status":"closed","template":"","meta":{"footnotes":""},"class_list":["post-201","page","type-page","status-publish","hentry"],"yoast_head":"<!-- This site is optimized with the Yoast SEO plugin v23.4 - https:\/\/yoast.com\/wordpress\/plugins\/seo\/ -->\n<title>Home - Spira<\/title>\n<meta name=\"description\" content=\"Spira Innovation d\u00e9veloppe des appareils de d\u00e9tection de compos\u00e9s organiques volatils pour la d\u00e9tection pr\u00e9coce des cancers et des appareils de protection respiratoire (PAPR) qui \u00e9liminent totalement les pathog\u00e8nes, comme le SRAS-CoV-2, le coronavirus responsable de la maladie Covid-19.\" \/>\n<meta name=\"robots\" content=\"index, follow, max-snippet:-1, max-image-preview:large, max-video-preview:-1\" \/>\n<link rel=\"canonical\" href=\"https:\/\/spirainnovation.com\/en\/\" \/>\n<meta property=\"og:locale\" content=\"en_US\" \/>\n<meta property=\"og:type\" content=\"article\" \/>\n<meta property=\"og:title\" content=\"Inspiring the future\" \/>\n<meta property=\"og:description\" content=\"Spira Innovation d\u00e9veloppe des appareils de d\u00e9tection de compos\u00e9s organiques volatils pour la d\u00e9tection pr\u00e9coce des cancers et des appareils de protection respiratoire (PAPR) qui \u00e9liminent totalement les pathog\u00e8nes, comme le SRAS-CoV-2, le coronavirus responsable de la maladie Covid-19.\" \/>\n<meta property=\"og:url\" content=\"https:\/\/spirainnovation.com\/en\/\" \/>\n<meta property=\"og:site_name\" content=\"Spira\" \/>\n<meta property=\"article:modified_time\" content=\"2021-06-23T16:13:32+00:00\" \/>\n<meta property=\"og:image\" content=\"https:\/\/spirainnovation.com\/wp-content\/uploads\/2021\/05\/Spira_SiteWeb_Partage_1.jpg\" \/>\n\t<meta property=\"og:image:width\" content=\"1200\" \/>\n\t<meta property=\"og:image:height\" content=\"630\" \/>\n\t<meta property=\"og:image:type\" content=\"image\/jpeg\" \/>\n<meta name=\"twitter:card\" content=\"summary_large_image\" \/>\n<meta name=\"twitter:image\" content=\"https:\/\/spirainnovation.com\/wp-content\/uploads\/2021\/05\/Spira_SiteWeb_Partage_1.jpg\" \/>\n<script type=\"application\/ld+json\" class=\"yoast-schema-graph\">{\"@context\":\"https:\/\/schema.org\",\"@graph\":[{\"@type\":\"WebPage\",\"@id\":\"https:\/\/spirainnovation.com\/en\/\",\"url\":\"https:\/\/spirainnovation.com\/en\/\",\"name\":\"Home - Spira\",\"isPartOf\":{\"@id\":\"https:\/\/spirainnovation.com\/#website\"},\"datePublished\":\"2021-03-20T21:06:38+00:00\",\"dateModified\":\"2021-06-23T16:13:32+00:00\",\"description\":\"Spira Innovation d\u00e9veloppe des appareils de d\u00e9tection de compos\u00e9s organiques volatils pour la d\u00e9tection pr\u00e9coce des cancers et des appareils de protection respiratoire (PAPR) qui \u00e9liminent totalement les pathog\u00e8nes, comme le SRAS-CoV-2, le coronavirus responsable de la maladie Covid-19.\",\"breadcrumb\":{\"@id\":\"https:\/\/spirainnovation.com\/en\/#breadcrumb\"},\"inLanguage\":\"en-US\",\"potentialAction\":[{\"@type\":\"ReadAction\",\"target\":[\"https:\/\/spirainnovation.com\/en\/\"]}]},{\"@type\":\"BreadcrumbList\",\"@id\":\"https:\/\/spirainnovation.com\/en\/#breadcrumb\",\"itemListElement\":[{\"@type\":\"ListItem\",\"position\":1,\"name\":\"Home\",\"item\":\"https:\/\/spirainnovation.com\/en\/\"},{\"@type\":\"ListItem\",\"position\":2,\"name\":\"Home\"}]},{\"@type\":\"WebSite\",\"@id\":\"https:\/\/spirainnovation.com\/#website\",\"url\":\"https:\/\/spirainnovation.com\/\",\"name\":\"Spira\",\"description\":\"Inspiring the future\",\"publisher\":{\"@id\":\"https:\/\/spirainnovation.com\/#organization\"},\"potentialAction\":[{\"@type\":\"SearchAction\",\"target\":{\"@type\":\"EntryPoint\",\"urlTemplate\":\"https:\/\/spirainnovation.com\/?s={search_term_string}\"},\"query-input\":{\"@type\":\"PropertyValueSpecification\",\"valueRequired\":true,\"valueName\":\"search_term_string\"}}],\"inLanguage\":\"en-US\"},{\"@type\":\"Organization\",\"@id\":\"https:\/\/spirainnovation.com\/#organization\",\"name\":\"Spira Innovation\",\"url\":\"https:\/\/spirainnovation.com\/\",\"logo\":{\"@type\":\"ImageObject\",\"inLanguage\":\"en-US\",\"@id\":\"https:\/\/spirainnovation.com\/#\/schema\/logo\/image\/\",\"url\":\"https:\/\/spirainnovation.com\/wp-content\/uploads\/2021\/05\/logo.svg\",\"contentUrl\":\"https:\/\/spirainnovation.com\/wp-content\/uploads\/2021\/05\/logo.svg\",\"width\":1,\"height\":1,\"caption\":\"Spira Innovation\"},\"image\":{\"@id\":\"https:\/\/spirainnovation.com\/#\/schema\/logo\/image\/\"},\"sameAs\":[\"https:\/\/www.linkedin.com\/company\/spira-innovation\/\"]}]}<\/script>\n<!-- \/ Yoast SEO plugin. -->","yoast_head_json":{"title":"Home - Spira","description":"Spira Innovation d\u00e9veloppe des appareils de d\u00e9tection de compos\u00e9s organiques volatils pour la d\u00e9tection pr\u00e9coce des cancers et des appareils de protection respiratoire (PAPR) qui \u00e9liminent totalement les pathog\u00e8nes, comme le SRAS-CoV-2, le coronavirus responsable de la maladie Covid-19.","robots":{"index":"index","follow":"follow","max-snippet":"max-snippet:-1","max-image-preview":"max-image-preview:large","max-video-preview":"max-video-preview:-1"},"canonical":"https:\/\/spirainnovation.com\/en\/","og_locale":"en_US","og_type":"article","og_title":"Inspiring the future","og_description":"Spira Innovation d\u00e9veloppe des appareils de d\u00e9tection de compos\u00e9s organiques volatils pour la d\u00e9tection pr\u00e9coce des cancers et des appareils de protection respiratoire (PAPR) qui \u00e9liminent totalement les pathog\u00e8nes, comme le SRAS-CoV-2, le coronavirus responsable de la maladie Covid-19.","og_url":"https:\/\/spirainnovation.com\/en\/","og_site_name":"Spira","article_modified_time":"2021-06-23T16:13:32+00:00","og_image":[{"width":1200,"height":630,"url":"https:\/\/spirainnovation.com\/wp-content\/uploads\/2021\/05\/Spira_SiteWeb_Partage_1.jpg","type":"image\/jpeg"}],"twitter_card":"summary_large_image","twitter_image":"https:\/\/spirainnovation.com\/wp-content\/uploads\/2021\/05\/Spira_SiteWeb_Partage_1.jpg","schema":{"@context":"https:\/\/schema.org","@graph":[{"@type":"WebPage","@id":"https:\/\/spirainnovation.com\/en\/","url":"https:\/\/spirainnovation.com\/en\/","name":"Home - Spira","isPartOf":{"@id":"https:\/\/spirainnovation.com\/#website"},"datePublished":"2021-03-20T21:06:38+00:00","dateModified":"2021-06-23T16:13:32+00:00","description":"Spira Innovation d\u00e9veloppe des appareils de d\u00e9tection de compos\u00e9s organiques volatils pour la d\u00e9tection pr\u00e9coce des cancers et des appareils de protection respiratoire (PAPR) qui \u00e9liminent totalement les pathog\u00e8nes, comme le SRAS-CoV-2, le coronavirus responsable de la maladie Covid-19.","breadcrumb":{"@id":"https:\/\/spirainnovation.com\/en\/#breadcrumb"},"inLanguage":"en-US","potentialAction":[{"@type":"ReadAction","target":["https:\/\/spirainnovation.com\/en\/"]}]},{"@type":"BreadcrumbList","@id":"https:\/\/spirainnovation.com\/en\/#breadcrumb","itemListElement":[{"@type":"ListItem","position":1,"name":"Home","item":"https:\/\/spirainnovation.com\/en\/"},{"@type":"ListItem","position":2,"name":"Home"}]},{"@type":"WebSite","@id":"https:\/\/spirainnovation.com\/#website","url":"https:\/\/spirainnovation.com\/","name":"Spira","description":"Inspiring the future","publisher":{"@id":"https:\/\/spirainnovation.com\/#organization"},"potentialAction":[{"@type":"SearchAction","target":{"@type":"EntryPoint","urlTemplate":"https:\/\/spirainnovation.com\/?s={search_term_string}"},"query-input":{"@type":"PropertyValueSpecification","valueRequired":true,"valueName":"search_term_string"}}],"inLanguage":"en-US"},{"@type":"Organization","@id":"https:\/\/spirainnovation.com\/#organization","name":"Spira Innovation","url":"https:\/\/spirainnovation.com\/","logo":{"@type":"ImageObject","inLanguage":"en-US","@id":"https:\/\/spirainnovation.com\/#\/schema\/logo\/image\/","url":"https:\/\/spirainnovation.com\/wp-content\/uploads\/2021\/05\/logo.svg","contentUrl":"https:\/\/spirainnovation.com\/wp-content\/uploads\/2021\/05\/logo.svg","width":1,"height":1,"caption":"Spira Innovation"},"image":{"@id":"https:\/\/spirainnovation.com\/#\/schema\/logo\/image\/"},"sameAs":["https:\/\/www.linkedin.com\/company\/spira-innovation\/"]}]}},"_links":{"self":[{"href":"https:\/\/spirainnovation.com\/en\/wp-json\/wp\/v2\/pages\/201"}],"collection":[{"href":"https:\/\/spirainnovation.com\/en\/wp-json\/wp\/v2\/pages"}],"about":[{"href":"https:\/\/spirainnovation.com\/en\/wp-json\/wp\/v2\/types\/page"}],"author":[{"embeddable":true,"href":"https:\/\/spirainnovation.com\/en\/wp-json\/wp\/v2\/users\/1"}],"replies":[{"embeddable":true,"href":"https:\/\/spirainnovation.com\/en\/wp-json\/wp\/v2\/comments?post=201"}],"version-history":[{"count":31,"href":"https:\/\/spirainnovation.com\/en\/wp-json\/wp\/v2\/pages\/201\/revisions"}],"predecessor-version":[{"id":1208,"href":"https:\/\/spirainnovation.com\/en\/wp-json\/wp\/v2\/pages\/201\/revisions\/1208"}],"wp:attachment":[{"href":"https:\/\/spirainnovation.com\/en\/wp-json\/wp\/v2\/media?parent=201"}],"curies":[{"name":"wp","href":"https:\/\/api.w.org\/{rel}","templated":true}]}}